{"id":10536,"date":"2023-01-09T10:54:44","date_gmt":"2023-01-09T10:54:44","guid":{"rendered":"https:\/\/ttw.ee\/our-services\/"},"modified":"2026-04-11T13:04:32","modified_gmt":"2026-04-11T13:04:32","slug":"teenused","status":"publish","type":"page","link":"https:\/\/ttw.ee\/et\/teenused\/","title":{"rendered":"Teenused"},"content":{"rendered":"\t\t<div data-elementor-type=\"wp-page\" data-elementor-id=\"10536\" class=\"elementor elementor-10536 elementor-4756\" data-elementor-post-type=\"page\">\n\t\t\t\t\t\t<section class=\"elementor-section elementor-top-section elementor-element elementor-element-41aa9af elementor-section-full_width qodef-elementor-content-grid elementor-section-height-default elementor-section-height-default\" data-id=\"41aa9af\" data-element_type=\"section\" data-e-type=\"section\">\n\t\t\t\t\t\t<div class=\"elementor-container elementor-column-gap-default\">\n\t\t\t\t\t<div class=\"elementor-column elementor-col-50 elementor-top-column elementor-element elementor-element-21b8b35\" data-id=\"21b8b35\" data-element_type=\"column\" data-e-type=\"column\">\n\t\t\t<div class=\"elementor-widget-wrap elementor-element-populated\">\n\t\t\t\t\t\t<div class=\"elementor-element elementor-element-394b66b elementor-widget elementor-widget-chateau_core_image_gallery\" data-id=\"394b66b\" data-element_type=\"widget\" data-e-type=\"widget\" data-widget_type=\"chateau_core_image_gallery.default\">\n\t\t\t\t<div class=\"elementor-widget-container\">\n\t\t\t\t\t<div class=\"qodef-shortcode qodef-m qodef-image-gallery qodef--has-appear qodef-grid qodef-layout--columns qodef-gutter--tiny qodef-vertical-gutter--tiny qodef-col-num--2 qodef-responsive--predefined qodef-swiper--show-pagination\" >\n\t<div class=\"qodef-grid-inner\">\n\t\t<div class=\"qodef-e qodef-image-wrapper qodef-grid-item \">\n\t\t\t<img fetchpriority=\"high\" decoding=\"async\" width=\"730\" height=\"1095\" src=\"https:\/\/ttw.ee\/wp-content\/uploads\/2025\/11\/41.jpg\" class=\"attachment-full size-full\" alt=\"\" loading=\"eager\" srcset=\"https:\/\/ttw.ee\/wp-content\/uploads\/2025\/11\/41.jpg 730w, https:\/\/ttw.ee\/wp-content\/uploads\/2025\/11\/41-200x300.jpg 200w, https:\/\/ttw.ee\/wp-content\/uploads\/2025\/11\/41-683x1024.jpg 683w, https:\/\/ttw.ee\/wp-content\/uploads\/2025\/11\/41-600x900.jpg 600w\" sizes=\"(max-width: 730px) 100vw, 730px\" \/>\t<\/div>\n<div class=\"qodef-e qodef-image-wrapper qodef-grid-item \">\n\t\t\t<img decoding=\"async\" width=\"730\" height=\"1094\" src=\"https:\/\/ttw.ee\/wp-content\/uploads\/2025\/11\/36.jpg\" class=\"attachment-full size-full\" alt=\"\" loading=\"eager\" srcset=\"https:\/\/ttw.ee\/wp-content\/uploads\/2025\/11\/36.jpg 730w, https:\/\/ttw.ee\/wp-content\/uploads\/2025\/11\/36-200x300.jpg 200w, https:\/\/ttw.ee\/wp-content\/uploads\/2025\/11\/36-683x1024.jpg 683w, https:\/\/ttw.ee\/wp-content\/uploads\/2025\/11\/36-600x899.jpg 600w\" sizes=\"(max-width: 730px) 100vw, 730px\" \/>\t<\/div>\n\t<\/div>\n<\/div>\n\t\t\t\t<\/div>\n\t\t\t\t<\/div>\n\t\t\t\t\t<\/div>\n\t\t<\/div>\n\t\t\t\t<div class=\"elementor-column elementor-col-50 elementor-top-column elementor-element elementor-element-528ff09\" data-id=\"528ff09\" data-element_type=\"column\" data-e-type=\"column\">\n\t\t\t<div class=\"elementor-widget-wrap elementor-element-populated\">\n\t\t\t\t\t\t<div class=\"elementor-element elementor-element-930f7ff elementor-widget__width-initial elementor-widget-mobile__width-inherit elementor-widget elementor-widget-chateau_core_section_title\" data-id=\"930f7ff\" data-element_type=\"widget\" data-e-type=\"widget\" data-widget_type=\"chateau_core_section_title.default\">\n\t\t\t\t<div class=\"elementor-widget-container\">\n\t\t\t\t\t<div class=\"qodef-shortcode qodef-m qodef-section-title qodef-alignment--left\">\n\t\t<h2 class=\"qodef-m-title\" >\n\t\t\t\t\tJahu TTW Bistroo\t\t\t<\/h2>\n\t<div class=\"qodef-m-subtitle-content qodef--has-appear\" style=\"margin-top: 14px\">\n\t<div class=\"qodef-m-subtitle-line-one\" style=\"width: 25px;background-color: #354C04\"><\/div>\n\t\t\t<p class=\"qodef-m-subtitle\" style=\"margin-left: 6px\">Projekt<\/p>\n\t\t<div class=\"qodef-m-subtitle-line-two\" style=\"display: none;\"><\/div>\n<\/div>\n\t<\/div>\n\t\t\t\t<\/div>\n\t\t\t\t<\/div>\n\t\t\t\t<div class=\"elementor-element elementor-element-6dd492e elementor-widget elementor-widget-text-editor\" data-id=\"6dd492e\" data-element_type=\"widget\" data-e-type=\"widget\" data-widget_type=\"text-editor.default\">\n\t\t\t\t<div class=\"elementor-widget-container\">\n\t\t\t\t\t\t\t\t\t<p><span style=\"font-weight: 400;\">Nagu paljud head ideed, sai ka Time To Wine ja Jahu koost\u00f6\u00f6 alguse juhuslikust kohtumisest \u2014 soovist luua midagi uut, v\u00e4rsket ja erilist.<\/span><br><span style=\"font-weight: 400;\">N\u00fc\u00fcd kutsumegi teid avastama meie uut kohta Viimsis, kus kohtuvad veinikultuuri parimad traditsioonid ja kaasaegne k\u00e4sit\u00f6\u00f6gastronoomia. Time To Wine &amp; Jahu on kahe tugeva br\u00e4ndi \u00fchine projekt, mille eesm\u00e4rk on pakkuda maitseelamusi, mis j\u00e4\u00e4vad meelde.<\/span><\/p><p><span style=\"font-weight: 400;\">Meie valikus on hoolikalt valitud veinid Time To Wine&#8217;ilt ning Jahu poolt loodud aus ja kvaliteetne k\u00f6\u00f6k. Kontseptsioon j\u00e4\u00e4b tuttavaks \u2014 veinipood ja -baar \u00fches. Kuid Viimsis loobume seekord veinidosaatoritest ning kasutame elegantset ja paindlikku Coravin-s\u00fcsteemi, mis v\u00f5imaldab serveerida veini klaasiga, s\u00e4ilitades iga pudeli kvaliteedi.<br><\/span><\/p><blockquote><p><span style=\"font-weight: 400;\">Time To Wine &amp; Jahu ei ole lihtsalt uus koht \u2014 see on koht neile, kes hindavad maitset, kvaliteeti ja hetki, mida need loovad.<\/span><\/p><\/blockquote>\t\t\t\t\t\t\t\t<\/div>\n\t\t\t\t<\/div>\n\t\t\t\t\t<\/div>\n\t\t<\/div>\n\t\t\t\t\t<\/div>\n\t\t<\/section>\n\t\t\t\t<section class=\"elementor-section elementor-top-section elementor-element elementor-element-8575642 elementor-section-full_width qodef-elementor-content-grid elementor-reverse-tablet elementor-reverse-mobile elementor-section-height-default elementor-section-height-default\" data-id=\"8575642\" data-element_type=\"section\" data-e-type=\"section\">\n\t\t\t\t\t\t<div class=\"elementor-container elementor-column-gap-default\">\n\t\t\t\t\t<div class=\"elementor-column elementor-col-50 elementor-top-column elementor-element elementor-element-807a49a\" data-id=\"807a49a\" data-element_type=\"column\" data-e-type=\"column\">\n\t\t\t<div class=\"elementor-widget-wrap elementor-element-populated\">\n\t\t\t\t\t\t<div class=\"elementor-element elementor-element-d9188cc elementor-widget__width-initial elementor-widget-mobile__width-inherit elementor-widget elementor-widget-chateau_core_section_title\" data-id=\"d9188cc\" data-element_type=\"widget\" data-e-type=\"widget\" data-widget_type=\"chateau_core_section_title.default\">\n\t\t\t\t<div class=\"elementor-widget-container\">\n\t\t\t\t\t<div class=\"qodef-shortcode qodef-m qodef-section-title qodef-alignment--left qodef-title-break--disabled\">\n\t\t<h2 class=\"qodef-m-title\" >\n\t\t\t\t\tTTW Travel \t\t\t<\/h2>\n\t<div class=\"qodef-m-subtitle-content qodef--has-appear\" style=\"margin-top: 14px\">\n\t<div class=\"qodef-m-subtitle-line-one\" style=\"width: 25px;background-color: #354C04\"><\/div>\n\t\t\t<p class=\"qodef-m-subtitle\" style=\"margin-left: 6px\">Projekt<\/p>\n\t\t<div class=\"qodef-m-subtitle-line-two\" style=\"display: none;\"><\/div>\n<\/div>\n\t<\/div>\n\t\t\t\t<\/div>\n\t\t\t\t<\/div>\n\t\t\t\t<div class=\"elementor-element elementor-element-c207bbf elementor-widget__width-initial elementor-widget elementor-widget-text-editor\" data-id=\"c207bbf\" data-element_type=\"widget\" data-e-type=\"widget\" data-widget_type=\"text-editor.default\">\n\t\t\t\t<div class=\"elementor-widget-container\">\n\t\t\t\t\t\t\t\t\t<p><span style=\"font-weight: 400;\">Time To Wine Travel on uus ja ambitsioonikas projekt, mille kaudu soovime viia oma kliendid sinna, kus vein s\u00fcnnib. Veinireisid ja -elamused, mis on t\u00e4is maitset, ajalugu ja isikup\u00e4rast atmosf\u00e4\u00e4ri. See ei ole lihtsalt reis \u2014 see on v\u00f5imalus kogeda t\u00f5elist veinikultuuri, kohtuda veinimeistritega, jalutada viinamarjaistandustes, k\u00fclastada veinikeldreid ja loomulikult maitsta veine seal, kus need on loodud.<br><\/span><\/p><p><span style=\"font-weight: 400;\">Iga Time To Wine Travel reis on l\u00e4bim\u00f5eldud ja inspireeriv r\u00e4nnak, kus saavad kokku gastronoomia, esteetika ja nauding. Meiega avastad veini maailma nii, nagu meie seda tunneme ja armastame.<\/span><\/p><blockquote><p><span style=\"font-weight: 400;\">Hoia silm peal meie tulevastel reisidel \u2014 v\u00f5i v\u00f5ta meiega \u00fchendust, kui soovid, et korraldaksime isikliku veinireisi just sulle ja sinu s\u00f5pradele.<\/span><\/p><\/blockquote>\t\t\t\t\t\t\t\t<\/div>\n\t\t\t\t<\/div>\n\t\t\t\t<div class=\"elementor-element elementor-element-4d3c8f8 elementor-widget elementor-widget-chateau_core_button\" data-id=\"4d3c8f8\" data-element_type=\"widget\" data-e-type=\"widget\" data-widget_type=\"chateau_core_button.default\">\n\t\t\t\t<div class=\"elementor-widget-container\">\n\t\t\t\t\t<a class=\"qodef-shortcode qodef-m qodef-button qodef-layout--discontinuous qodef-html--link\" href=\"https:\/\/ttw.ee\/et\/kontakt\" target=\"_self\"  >\n\t<span class=\"qodef-m-text\">Saada p\u00e4ring<\/span>\n\t<span class=\"qodef-disc-btn qodef-disc-btn-top-left\"><\/span>\n\t<span class=\"qodef-disc-btn qodef-disc-btn-top-right\"><\/span>\n\t<span class=\"qodef-disc-btn qodef-disc-btn-right\"><\/span>\n\t<span class=\"qodef-disc-btn qodef-disc-btn-bottom-right\"><\/span>\n\t<span class=\"qodef-disc-btn qodef-disc-btn-bottom-left\"><\/span>\n\t<span class=\"qodef-disc-btn qodef-blob-btn-left\"><\/span>\n<\/a>\n\t\t\t\t<\/div>\n\t\t\t\t<\/div>\n\t\t\t\t\t<\/div>\n\t\t<\/div>\n\t\t\t\t<div class=\"elementor-column elementor-col-50 elementor-top-column elementor-element elementor-element-6f1d52b\" data-id=\"6f1d52b\" data-element_type=\"column\" data-e-type=\"column\">\n\t\t\t<div class=\"elementor-widget-wrap elementor-element-populated\">\n\t\t\t\t\t\t<div class=\"elementor-element elementor-element-399815a elementor-widget elementor-widget-chateau_core_image_gallery\" data-id=\"399815a\" data-element_type=\"widget\" data-e-type=\"widget\" data-widget_type=\"chateau_core_image_gallery.default\">\n\t\t\t\t<div class=\"elementor-widget-container\">\n\t\t\t\t\t<div class=\"qodef-shortcode qodef-m qodef-image-gallery qodef--has-appear qodef-grid qodef-layout--columns qodef-gutter--tiny qodef-vertical-gutter--tiny qodef-col-num--2 qodef-responsive--predefined qodef-swiper--show-pagination\" >\n\t<div class=\"qodef-grid-inner\">\n\t\t<div class=\"qodef-e qodef-image-wrapper qodef-grid-item \">\n\t\t\t<img decoding=\"async\" width=\"1920\" height=\"2560\" src=\"https:\/\/ttw.ee\/wp-content\/uploads\/2025\/11\/Blog-nr.1-Gimonnet-2-scaled.jpg\" class=\"attachment-full size-full\" alt=\"\" loading=\"eager\" srcset=\"https:\/\/ttw.ee\/wp-content\/uploads\/2025\/11\/Blog-nr.1-Gimonnet-2-scaled.jpg 1920w, https:\/\/ttw.ee\/wp-content\/uploads\/2025\/11\/Blog-nr.1-Gimonnet-2-225x300.jpg 225w, https:\/\/ttw.ee\/wp-content\/uploads\/2025\/11\/Blog-nr.1-Gimonnet-2-768x1024.jpg 768w, https:\/\/ttw.ee\/wp-content\/uploads\/2025\/11\/Blog-nr.1-Gimonnet-2-1152x1536.jpg 1152w, https:\/\/ttw.ee\/wp-content\/uploads\/2025\/11\/Blog-nr.1-Gimonnet-2-1536x2048.jpg 1536w, https:\/\/ttw.ee\/wp-content\/uploads\/2025\/11\/Blog-nr.1-Gimonnet-2-600x800.jpg 600w\" sizes=\"(max-width: 1920px) 100vw, 1920px\" \/>\t<\/div>\n<div class=\"qodef-e qodef-image-wrapper qodef-grid-item \">\n\t\t\t<img decoding=\"async\" width=\"960\" height=\"1280\" src=\"https:\/\/ttw.ee\/wp-content\/uploads\/2025\/11\/Blog-nr.1-Alezandre-Bonnet-2.jpg\" class=\"attachment-full size-full\" alt=\"\" loading=\"eager\" srcset=\"https:\/\/ttw.ee\/wp-content\/uploads\/2025\/11\/Blog-nr.1-Alezandre-Bonnet-2.jpg 960w, https:\/\/ttw.ee\/wp-content\/uploads\/2025\/11\/Blog-nr.1-Alezandre-Bonnet-2-225x300.jpg 225w, https:\/\/ttw.ee\/wp-content\/uploads\/2025\/11\/Blog-nr.1-Alezandre-Bonnet-2-768x1024.jpg 768w, https:\/\/ttw.ee\/wp-content\/uploads\/2025\/11\/Blog-nr.1-Alezandre-Bonnet-2-600x800.jpg 600w\" sizes=\"(max-width: 960px) 100vw, 960px\" \/>\t<\/div>\n\t<\/div>\n<\/div>\n\t\t\t\t<\/div>\n\t\t\t\t<\/div>\n\t\t\t\t\t<\/div>\n\t\t<\/div>\n\t\t\t\t\t<\/div>\n\t\t<\/section>\n\t\t\t\t<section class=\"elementor-section elementor-top-section elementor-element elementor-element-3135469 elementor-section-full_width qodef-elementor-content-grid elementor-section-height-default elementor-section-height-default\" data-id=\"3135469\" data-element_type=\"section\" data-e-type=\"section\" data-settings=\"{&quot;background_background&quot;:&quot;classic&quot;}\">\n\t\t\t\t\t\t<div class=\"elementor-container elementor-column-gap-default\">\n\t\t\t\t\t<div class=\"elementor-column elementor-col-100 elementor-top-column elementor-element elementor-element-d3ddf84\" data-id=\"d3ddf84\" data-element_type=\"column\" data-e-type=\"column\">\n\t\t\t<div class=\"elementor-widget-wrap elementor-element-populated\">\n\t\t\t\t\t\t<div class=\"elementor-element elementor-element-7a306b3 elementor-widget elementor-widget-chateau_core_clients_list\" data-id=\"7a306b3\" data-element_type=\"widget\" data-e-type=\"widget\" data-widget_type=\"chateau_core_clients_list.default\">\n\t\t\t\t<div class=\"elementor-widget-container\">\n\t\t\t\t\t<div class=\"qodef-shortcode qodef-m qodef-clients-list qodef-grid qodef-swiper-container qodef-gutter--large qodef-col-num--6 qodef-item-layout--image-only qodef-responsive--custom qodef-col-num--1440--6 qodef-col-num--1366--6 qodef-col-num--1024--3 qodef-col-num--768--2 qodef-col-num--680--2 qodef-col-num--480--1 qodef-hover-animation--move-up\" style=\"--qodef-client-initial-opacity: 1;--qodef-client-hover-opacity: .5\" data-options=\"{&quot;spaceBetween&quot;:25,&quot;slidesPerView&quot;:&quot;6&quot;,&quot;loop&quot;:true,&quot;autoplay&quot;:true,&quot;speed&quot;:&quot;&quot;,&quot;speedAnimation&quot;:&quot;&quot;,&quot;slideAnimation&quot;:&quot;&quot;,&quot;direction&quot;:&quot;&quot;,&quot;centeredSlides&quot;:&quot;&quot;,&quot;sliderScroll&quot;:&quot;&quot;,&quot;loopAdditionalSlides&quot;:&quot;&quot;,&quot;paginationType&quot;:&quot;&quot;,&quot;customStages&quot;:true,&quot;slidesPerView1440&quot;:&quot;6&quot;,&quot;slidesPerView1366&quot;:&quot;6&quot;,&quot;slidesPerView1024&quot;:&quot;3&quot;,&quot;slidesPerView768&quot;:&quot;2&quot;,&quot;slidesPerView680&quot;:&quot;2&quot;,&quot;slidesPerView480&quot;:&quot;1&quot;}\">\n\t<div class=\"swiper-wrapper\">\n\t\t<span class=\"qodef-e swiper-slide\">\n\t<span class=\"qodef-e-inner\">\n\t\t\t<span class=\"qodef-e-image\">\n\t\t\t\t\t<a itemprop=\"url\" href=\"#\" target=\"_self\">\n\t\t\t\t\t\t\t\t\t<span class=\"qodef-e-logo\">\n\t\t\t\t\t<img decoding=\"async\" width=\"1080\" height=\"1080\" src=\"https:\/\/ttw.ee\/wp-content\/uploads\/2025\/06\/Long-2024.png\" class=\"attachment-full size-full\" alt=\"\" srcset=\"https:\/\/ttw.ee\/wp-content\/uploads\/2025\/06\/Long-2024.png 1080w, https:\/\/ttw.ee\/wp-content\/uploads\/2025\/06\/Long-2024-300x300.png 300w, https:\/\/ttw.ee\/wp-content\/uploads\/2025\/06\/Long-2024-1024x1024.png 1024w, https:\/\/ttw.ee\/wp-content\/uploads\/2025\/06\/Long-2024-150x150.png 150w, https:\/\/ttw.ee\/wp-content\/uploads\/2025\/06\/Long-2024-768x768.png 768w, https:\/\/ttw.ee\/wp-content\/uploads\/2025\/06\/Long-2024-650x650.png 650w, https:\/\/ttw.ee\/wp-content\/uploads\/2025\/06\/Long-2024-600x600.png 600w, https:\/\/ttw.ee\/wp-content\/uploads\/2025\/06\/Long-2024-100x100.png 100w\" sizes=\"(max-width: 1080px) 100vw, 1080px\" \/>\t\t\t\t<\/span>\n\t\t\t\t\t\t\t\t\t\t\t<\/a>\n\t\t\t<\/span>\n\t<\/span>\n<\/span>\n<span class=\"qodef-e swiper-slide\">\n\t<span class=\"qodef-e-inner\">\n\t\t\t<span class=\"qodef-e-image\">\n\t\t\t\t\t<a itemprop=\"url\" href=\"#\" target=\"_self\">\n\t\t\t\t\t\t\t\t\t<span class=\"qodef-e-logo\">\n\t\t\t\t\t<img decoding=\"async\" width=\"1080\" height=\"1080\" src=\"https:\/\/ttw.ee\/wp-content\/uploads\/2025\/06\/Long-2023.png\" class=\"attachment-full size-full\" alt=\"\" srcset=\"https:\/\/ttw.ee\/wp-content\/uploads\/2025\/06\/Long-2023.png 1080w, https:\/\/ttw.ee\/wp-content\/uploads\/2025\/06\/Long-2023-300x300.png 300w, https:\/\/ttw.ee\/wp-content\/uploads\/2025\/06\/Long-2023-1024x1024.png 1024w, https:\/\/ttw.ee\/wp-content\/uploads\/2025\/06\/Long-2023-150x150.png 150w, https:\/\/ttw.ee\/wp-content\/uploads\/2025\/06\/Long-2023-768x768.png 768w, https:\/\/ttw.ee\/wp-content\/uploads\/2025\/06\/Long-2023-650x650.png 650w, https:\/\/ttw.ee\/wp-content\/uploads\/2025\/06\/Long-2023-600x600.png 600w, https:\/\/ttw.ee\/wp-content\/uploads\/2025\/06\/Long-2023-100x100.png 100w\" sizes=\"(max-width: 1080px) 100vw, 1080px\" \/>\t\t\t\t<\/span>\n\t\t\t\t\t\t\t\t\t\t\t<\/a>\n\t\t\t<\/span>\n\t<\/span>\n<\/span>\n<span class=\"qodef-e swiper-slide\">\n\t<span class=\"qodef-e-inner\">\n\t\t\t<span class=\"qodef-e-image\">\n\t\t\t\t\t<a itemprop=\"url\" href=\"#\" target=\"_self\">\n\t\t\t\t\t\t\t\t\t<span class=\"qodef-e-logo\">\n\t\t\t\t\t<img decoding=\"async\" width=\"1080\" height=\"1080\" src=\"https:\/\/ttw.ee\/wp-content\/uploads\/2025\/06\/GP-2024.png\" class=\"attachment-full size-full\" alt=\"\" srcset=\"https:\/\/ttw.ee\/wp-content\/uploads\/2025\/06\/GP-2024.png 1080w, https:\/\/ttw.ee\/wp-content\/uploads\/2025\/06\/GP-2024-300x300.png 300w, https:\/\/ttw.ee\/wp-content\/uploads\/2025\/06\/GP-2024-1024x1024.png 1024w, https:\/\/ttw.ee\/wp-content\/uploads\/2025\/06\/GP-2024-150x150.png 150w, https:\/\/ttw.ee\/wp-content\/uploads\/2025\/06\/GP-2024-768x768.png 768w, https:\/\/ttw.ee\/wp-content\/uploads\/2025\/06\/GP-2024-650x650.png 650w, https:\/\/ttw.ee\/wp-content\/uploads\/2025\/06\/GP-2024-600x600.png 600w, https:\/\/ttw.ee\/wp-content\/uploads\/2025\/06\/GP-2024-100x100.png 100w\" sizes=\"(max-width: 1080px) 100vw, 1080px\" \/>\t\t\t\t<\/span>\n\t\t\t\t\t\t\t\t\t\t\t<\/a>\n\t\t\t<\/span>\n\t<\/span>\n<\/span>\n<span class=\"qodef-e swiper-slide\">\n\t<span class=\"qodef-e-inner\">\n\t\t\t<span class=\"qodef-e-image\">\n\t\t\t\t\t<a itemprop=\"url\" href=\"#\" target=\"_self\">\n\t\t\t\t\t\t\t\t\t<span class=\"qodef-e-logo\">\n\t\t\t\t\t<img loading=\"lazy\" decoding=\"async\" width=\"1080\" height=\"1080\" src=\"https:\/\/ttw.ee\/wp-content\/uploads\/2025\/06\/GP-2023.png\" class=\"attachment-full size-full\" alt=\"\" srcset=\"https:\/\/ttw.ee\/wp-content\/uploads\/2025\/06\/GP-2023.png 1080w, https:\/\/ttw.ee\/wp-content\/uploads\/2025\/06\/GP-2023-300x300.png 300w, https:\/\/ttw.ee\/wp-content\/uploads\/2025\/06\/GP-2023-1024x1024.png 1024w, https:\/\/ttw.ee\/wp-content\/uploads\/2025\/06\/GP-2023-150x150.png 150w, https:\/\/ttw.ee\/wp-content\/uploads\/2025\/06\/GP-2023-768x768.png 768w, https:\/\/ttw.ee\/wp-content\/uploads\/2025\/06\/GP-2023-650x650.png 650w, https:\/\/ttw.ee\/wp-content\/uploads\/2025\/06\/GP-2023-600x600.png 600w, https:\/\/ttw.ee\/wp-content\/uploads\/2025\/06\/GP-2023-100x100.png 100w\" sizes=\"(max-width: 1080px) 100vw, 1080px\" \/>\t\t\t\t<\/span>\n\t\t\t\t\t\t\t\t\t\t\t<\/a>\n\t\t\t<\/span>\n\t<\/span>\n<\/span>\n<span class=\"qodef-e swiper-slide\">\n\t<span class=\"qodef-e-inner\">\n\t\t\t<span class=\"qodef-e-image\">\n\t\t\t\t\t<a itemprop=\"url\" href=\"#\" target=\"_self\">\n\t\t\t\t\t\t\t\t\t<span class=\"qodef-e-logo\">\n\t\t\t\t\t<img loading=\"lazy\" decoding=\"async\" width=\"1080\" height=\"1080\" src=\"https:\/\/ttw.ee\/wp-content\/uploads\/2025\/06\/BTG-2023.png\" class=\"attachment-full size-full\" alt=\"\" srcset=\"https:\/\/ttw.ee\/wp-content\/uploads\/2025\/06\/BTG-2023.png 1080w, https:\/\/ttw.ee\/wp-content\/uploads\/2025\/06\/BTG-2023-300x300.png 300w, https:\/\/ttw.ee\/wp-content\/uploads\/2025\/06\/BTG-2023-1024x1024.png 1024w, https:\/\/ttw.ee\/wp-content\/uploads\/2025\/06\/BTG-2023-150x150.png 150w, https:\/\/ttw.ee\/wp-content\/uploads\/2025\/06\/BTG-2023-768x768.png 768w, https:\/\/ttw.ee\/wp-content\/uploads\/2025\/06\/BTG-2023-650x650.png 650w, https:\/\/ttw.ee\/wp-content\/uploads\/2025\/06\/BTG-2023-600x600.png 600w, https:\/\/ttw.ee\/wp-content\/uploads\/2025\/06\/BTG-2023-100x100.png 100w\" sizes=\"(max-width: 1080px) 100vw, 1080px\" \/>\t\t\t\t<\/span>\n\t\t\t\t\t\t\t\t\t\t\t<\/a>\n\t\t\t<\/span>\n\t<\/span>\n<\/span>\n\t<\/div>\n\t\t<\/div>\n\t\t\t\t<\/div>\n\t\t\t\t<\/div>\n\t\t\t\t\t<\/div>\n\t\t<\/div>\n\t\t\t\t\t<\/div>\n\t\t<\/section>\n\t\t\t\t<\/div>\n\t\t","protected":false},"excerpt":{"rendered":"<p>Jahu TTW Bistroo Projekt Nagu paljud head ideed, sai ka Time To Wine ja Jahu koost\u00f6\u00f6 alguse juhuslikust kohtumisest \u2014 soovist luua midagi uut, v\u00e4rsket ja erilist.N\u00fc\u00fcd kutsumegi teid avastama meie uut kohta Viimsis, kus kohtuvad veinikultuuri parimad traditsioonid ja kaasaegne k\u00e4sit\u00f6\u00f6gastronoomia. Time To Wine &amp; Jahu on kahe tugeva br\u00e4ndi \u00fchine projekt, mille eesm\u00e4rk [&hellip;]<\/p>\n","protected":false},"author":1,"featured_media":0,"parent":0,"menu_order":0,"comment_status":"closed","ping_status":"closed","template":"page-full-width.php","meta":{"footnotes":""},"class_list":["post-10536","page","type-page","status-publish","hentry"],"_links":{"self":[{"href":"https:\/\/ttw.ee\/et\/wp-json\/wp\/v2\/pages\/10536","targetHints":{"allow":["GET"]}}],"collection":[{"href":"https:\/\/ttw.ee\/et\/wp-json\/wp\/v2\/pages"}],"about":[{"href":"https:\/\/ttw.ee\/et\/wp-json\/wp\/v2\/types\/page"}],"author":[{"embeddable":true,"href":"https:\/\/ttw.ee\/et\/wp-json\/wp\/v2\/users\/1"}],"replies":[{"embeddable":true,"href":"https:\/\/ttw.ee\/et\/wp-json\/wp\/v2\/comments?post=10536"}],"version-history":[{"count":6,"href":"https:\/\/ttw.ee\/et\/wp-json\/wp\/v2\/pages\/10536\/revisions"}],"predecessor-version":[{"id":10678,"href":"https:\/\/ttw.ee\/et\/wp-json\/wp\/v2\/pages\/10536\/revisions\/10678"}],"wp:attachment":[{"href":"https:\/\/ttw.ee\/et\/wp-json\/wp\/v2\/media?parent=10536"}],"curies":[{"name":"wp","href":"https:\/\/api.w.org\/{rel}","templated":true}]}}