{"id":10532,"date":"2023-01-10T13:01:18","date_gmt":"2023-01-10T13:01:18","guid":{"rendered":"https:\/\/ttw.ee\/reservation\/"},"modified":"2026-04-11T12:55:34","modified_gmt":"2026-04-11T12:55:34","slug":"broneerimine","status":"publish","type":"page","link":"https:\/\/ttw.ee\/et\/broneerimine\/","title":{"rendered":"Broneerimine"},"content":{"rendered":"\t\t<div data-elementor-type=\"wp-page\" data-elementor-id=\"10532\" class=\"elementor elementor-10532 elementor-5315\" data-elementor-post-type=\"page\">\n\t\t\t\t\t\t<section class=\"elementor-section elementor-top-section elementor-element elementor-element-de771c1 elementor-section-full_width elementor-section-height-min-height elementor-section-height-default elementor-section-items-middle\" data-id=\"de771c1\" data-element_type=\"section\" data-e-type=\"section\" data-settings=\"{&quot;background_background&quot;:&quot;classic&quot;,&quot;background_motion_fx_motion_fx_scrolling&quot;:&quot;yes&quot;,&quot;background_motion_fx_translateY_effect&quot;:&quot;yes&quot;,&quot;background_motion_fx_translateY_speed&quot;:{&quot;unit&quot;:&quot;px&quot;,&quot;size&quot;:6.8,&quot;sizes&quot;:[]},&quot;background_motion_fx_translateY_affectedRange&quot;:{&quot;unit&quot;:&quot;%&quot;,&quot;size&quot;:&quot;&quot;,&quot;sizes&quot;:{&quot;start&quot;:0,&quot;end&quot;:100}},&quot;background_motion_fx_devices&quot;:[&quot;desktop&quot;,&quot;tablet&quot;,&quot;mobile&quot;]}\">\n\t\t\t\t\t\t<div class=\"elementor-container elementor-column-gap-default\">\n\t\t\t\t\t<div class=\"elementor-column elementor-col-100 elementor-top-column elementor-element elementor-element-4960781\" data-id=\"4960781\" data-element_type=\"column\" data-e-type=\"column\">\n\t\t\t<div class=\"elementor-widget-wrap\">\n\t\t\t\t\t\t\t<\/div>\n\t\t<\/div>\n\t\t\t\t\t<\/div>\n\t\t<\/section>\n\t\t\t\t<section class=\"elementor-section elementor-top-section elementor-element elementor-element-3a49618 elementor-section-full_width qodef-elementor-content-grid elementor-section-height-default elementor-section-height-default\" data-id=\"3a49618\" data-element_type=\"section\" data-e-type=\"section\">\n\t\t\t\t\t\t<div class=\"elementor-container elementor-column-gap-default\">\n\t\t\t\t\t<div class=\"elementor-column elementor-col-50 elementor-top-column elementor-element elementor-element-64e0d33\" data-id=\"64e0d33\" data-element_type=\"column\" data-e-type=\"column\">\n\t\t\t<div class=\"elementor-widget-wrap elementor-element-populated\">\n\t\t\t\t\t\t<div class=\"elementor-element elementor-element-c199853 elementor-widget-tablet__width-inherit elementor-widget elementor-widget-chateau_core_section_title\" data-id=\"c199853\" data-element_type=\"widget\" data-e-type=\"widget\" data-widget_type=\"chateau_core_section_title.default\">\n\t\t\t\t<div class=\"elementor-widget-container\">\n\t\t\t\t\t<div class=\"qodef-shortcode qodef-m qodef-section-title qodef-alignment--left qodef-title-break--disabled\">\n\t\t<h2 class=\"qodef-m-title\" style=\"color: #243305\">\n\t\t\t\t\tAvasta veinienergia ja<br \/> broneeri laud\t\t\t<\/h2>\n\t<div class=\"qodef-m-subtitle-content qodef--has-appear\" style=\"margin-top: 14px\">\n\t<div class=\"qodef-m-subtitle-line-one\" style=\"width: 25px;background-color: #354C04\"><\/div>\n\t\t\t<p class=\"qodef-m-subtitle\" style=\"margin-left: 7px;color: #354C04\">Time To Wine Rotermanni veinibaar ja pood<\/p>\n\t\t<div class=\"qodef-m-subtitle-line-two\" style=\"display: none;\"><\/div>\n<\/div>\n\t<\/div>\n\t\t\t\t<\/div>\n\t\t\t\t<\/div>\n\t\t\t\t<section class=\"elementor-section elementor-inner-section elementor-element elementor-element-dc9feaf elementor-section-full_width elementor-section-height-default elementor-section-height-default\" data-id=\"dc9feaf\" data-element_type=\"section\" data-e-type=\"section\">\n\t\t\t\t\t\t<div class=\"elementor-container elementor-column-gap-default\">\n\t\t\t\t\t<div class=\"elementor-column elementor-col-100 elementor-inner-column elementor-element elementor-element-6098f4f\" data-id=\"6098f4f\" data-element_type=\"column\" data-e-type=\"column\" data-settings=\"{&quot;background_background&quot;:&quot;classic&quot;}\">\n\t\t\t<div class=\"elementor-widget-wrap elementor-element-populated\">\n\t\t\t\t\t\t<div class=\"elementor-element elementor-element-c51f4fa elementor-widget__width-initial elementor-widget-tablet__width-auto elementor-widget elementor-widget-chateau_core_single_image\" data-id=\"c51f4fa\" data-element_type=\"widget\" data-e-type=\"widget\" data-widget_type=\"chateau_core_single_image.default\">\n\t\t\t\t<div class=\"elementor-widget-container\">\n\t\t\t\t\t<div class=\"qodef-shortcode qodef-m qodef-single-image qodef-layout--default\">\n\t\t\t<div class=\"qodef-m-image\">\n\t\t\t\t\t\t\t\t<img fetchpriority=\"high\" decoding=\"async\" width=\"381\" height=\"351\" src=\"https:\/\/ttw.ee\/wp-content\/uploads\/2023\/01\/h3-img-11.jpg\" class=\"attachment-full size-full\" alt=\"t\" srcset=\"https:\/\/ttw.ee\/wp-content\/uploads\/2023\/01\/h3-img-11.jpg 381w, https:\/\/ttw.ee\/wp-content\/uploads\/2023\/01\/h3-img-11-300x276.jpg 300w\" sizes=\"(max-width: 381px) 100vw, 381px\" \/>\t\t\t\t\t\t\t<\/div>\n\t<\/div>\n\t\t\t\t<\/div>\n\t\t\t\t<\/div>\n\t\t\t\t\t<\/div>\n\t\t<\/div>\n\t\t\t\t\t<\/div>\n\t\t<\/section>\n\t\t\t\t\t<\/div>\n\t\t<\/div>\n\t\t\t\t<div class=\"elementor-column elementor-col-50 elementor-top-column elementor-element elementor-element-5576bcb\" data-id=\"5576bcb\" data-element_type=\"column\" data-e-type=\"column\">\n\t\t\t<div class=\"elementor-widget-wrap elementor-element-populated\">\n\t\t\t\t\t\t<div class=\"elementor-element elementor-element-48a6081 elementor-widget elementor-widget-text-editor\" data-id=\"48a6081\" data-element_type=\"widget\" data-e-type=\"widget\" data-widget_type=\"text-editor.default\">\n\t\t\t\t<div class=\"elementor-widget-container\">\n\t\t\t\t\t\t\t\t\t<p><span style=\"font-weight: 400;\">K\u00fclastage Time To Wine Rotermanni sobival ajal, broneerides laua eelnevalt.<\/span><\/p><p><span style=\"font-weight: 400;\">T\u00e4iendage allolevat vormi, ja meie meeskond v\u00f5tab teiega \u00fchendust, et kinnitada broneering. Me garanteerime hubase atmosf\u00e4\u00e4ri, suurep\u00e4rase teeninduse ja muidugi valiku h\u00f5rgutavaid veine.<br><\/span><\/p><p><span style=\"font-weight: 400;\">Broneerimine on lihtne. Ootame teid meie juurde! Ootame teid meie juurde!<\/span><\/p><p><span style=\"font-weight: 400;\">Broneeri kohe ja naudi iga hetke koos meiega!<\/span><\/p><div id=\"gtx-trans\" style=\"position: absolute; left: 520px; top: 67px;\"><div class=\"gtx-trans-icon\"> <\/div><\/div>\t\t\t\t\t\t\t\t<\/div>\n\t\t\t\t<\/div>\n\t\t\t\t<div class=\"elementor-element elementor-element-6312e19 elementor-widget elementor-widget-qi_addons_for_elementor_contact_form_7\" data-id=\"6312e19\" data-element_type=\"widget\" data-e-type=\"widget\" data-widget_type=\"qi_addons_for_elementor_contact_form_7.default\">\n\t\t\t\t<div class=\"elementor-widget-container\">\n\t\t\t\t\t<div class=\"qodef-shortcode qodef-m qodef-qi-contact-form-7\">\n\t\n<div class=\"wpcf7 no-js\" id=\"wpcf7-f10578-o1\" lang=\"et\" dir=\"ltr\" data-wpcf7-id=\"10578\">\n<div class=\"screen-reader-response\"><p role=\"status\" aria-live=\"polite\" aria-atomic=\"true\"><\/p> <ul><\/ul><\/div>\n<form action=\"\/et\/wp-json\/wp\/v2\/pages\/10532#wpcf7-f10578-o1\" method=\"post\" class=\"wpcf7-form init\" aria-label=\"Kontaktvorm\" novalidate=\"novalidate\" data-status=\"init\">\n<fieldset class=\"hidden-fields-container\"><input type=\"hidden\" name=\"_wpcf7\" value=\"10578\" \/><input type=\"hidden\" name=\"_wpcf7_version\" value=\"6.1.5\" \/><input type=\"hidden\" name=\"_wpcf7_locale\" value=\"et\" \/><input type=\"hidden\" name=\"_wpcf7_unit_tag\" value=\"wpcf7-f10578-o1\" \/><input type=\"hidden\" name=\"_wpcf7_container_post\" value=\"0\" \/><input type=\"hidden\" name=\"_wpcf7_posted_data_hash\" value=\"\" \/>\n<\/fieldset>\n<label> Teie nimi\n    <span class=\"wpcf7-form-control-wrap\" data-name=\"your-name\"><input size=\"40\" maxlength=\"400\" class=\"wpcf7-form-control wpcf7-text wpcf7-validates-as-required\" autocomplete=\"name\" aria-required=\"true\" aria-invalid=\"false\" value=\"\" type=\"text\" name=\"your-name\" \/><\/span> <\/label>\n\n<label> Teie e-post\n    <span class=\"wpcf7-form-control-wrap\" data-name=\"your-email\"><input size=\"40\" maxlength=\"400\" class=\"wpcf7-form-control wpcf7-email wpcf7-validates-as-required wpcf7-text wpcf7-validates-as-email\" autocomplete=\"email\" aria-required=\"true\" aria-invalid=\"false\" value=\"\" type=\"email\" name=\"your-email\" \/><\/span> <\/label>\n\n<label> Teema\n    <span class=\"wpcf7-form-control-wrap\" data-name=\"your-subject\"><input size=\"40\" maxlength=\"400\" class=\"wpcf7-form-control wpcf7-text wpcf7-validates-as-required\" aria-required=\"true\" aria-invalid=\"false\" value=\"\" type=\"text\" name=\"your-subject\" \/><\/span> <\/label>\n\n<label> S\u00f5num\n    <span class=\"wpcf7-form-control-wrap\" data-name=\"your-message\"><textarea cols=\"40\" rows=\"10\" maxlength=\"2000\" class=\"wpcf7-form-control wpcf7-textarea\" aria-invalid=\"false\" name=\"your-message\"><\/textarea><\/span> <\/label>\n\n<button type=\"submit\" class=\"qodef-shortcode qodef-m wpcf7-form-control wpcf7-submit qodef-button qodef-layout--discontinuous qodef-size--normal\"  >\t<span class=\"qodef-btn-text\">Saada<\/span>\t<span class=\"qodef-disc-btn qodef-disc-btn-top-left\"><\/span>\t<span class=\"qodef-disc-btn qodef-disc-btn-top-right\"><\/span>\t<span class=\"qodef-disc-btn qodef-disc-btn-right\"><\/span>\t<span class=\"qodef-disc-btn qodef-disc-btn-bottom-right\"><\/span>\t<span class=\"qodef-disc-btn qodef-disc-btn-bottom-left\"><\/span>\t<span class=\"qodef-disc-btn qodef-blob-btn-left\"><\/span><\/button><div class=\"wpcf7-response-output\" aria-hidden=\"true\"><\/div>\n<\/form>\n<\/div>\n<\/div>\n\t\t\t\t<\/div>\n\t\t\t\t<\/div>\n\t\t\t\t<div class=\"elementor-element elementor-element-ed9f340 elementor-hidden-desktop elementor-hidden-tablet elementor-hidden-mobile elementor-widget elementor-widget-chateau_core_reservation_form\" data-id=\"ed9f340\" data-element_type=\"widget\" data-e-type=\"widget\" data-widget_type=\"chateau_core_reservation_form.default\">\n\t\t\t\t<div class=\"elementor-widget-container\">\n\t\t\t\t\t<div class=\"qodef-shortcode qodef-m qodef-reservation-form\">\n\t\t\t<p>You haven&#039;t added OpenTable ID<\/p>\n\t<\/div>\n\t\t\t\t<\/div>\n\t\t\t\t<\/div>\n\t\t\t\t\t<\/div>\n\t\t<\/div>\n\t\t\t\t\t<\/div>\n\t\t<\/section>\n\t\t\t\t<section class=\"elementor-section elementor-top-section elementor-element elementor-element-0f28283 elementor-section-full_width elementor-section-height-default elementor-section-height-default\" data-id=\"0f28283\" data-element_type=\"section\" data-e-type=\"section\">\n\t\t\t\t\t\t<div class=\"elementor-container elementor-column-gap-default\">\n\t\t\t\t\t<div class=\"elementor-column elementor-col-100 elementor-top-column elementor-element elementor-element-96a172b\" data-id=\"96a172b\" data-element_type=\"column\" data-e-type=\"column\">\n\t\t\t<div class=\"elementor-widget-wrap elementor-element-populated\">\n\t\t\t\t\t\t<div class=\"elementor-element elementor-element-2b90e80 elementor-widget elementor-widget-chateau_core_image_gallery\" data-id=\"2b90e80\" data-element_type=\"widget\" data-e-type=\"widget\" data-widget_type=\"chateau_core_image_gallery.default\">\n\t\t\t\t<div class=\"elementor-widget-container\">\n\t\t\t\t\t<div class=\"qodef-shortcode qodef-m qodef-image-gallery qodef-magnific-popup qodef-popup-gallery qodef-grid qodef-layout--columns qodef-gutter--tiny qodef-vertical-gutter--tiny qodef-col-num--5 qodef-responsive--custom qodef-col-num--1440--5 qodef-col-num--1366--5 qodef-col-num--1024--5 qodef-col-num--768--2 qodef-col-num--680--1 qodef-col-num--480--1 qodef-swiper--show-pagination\" >\n\t<div class=\"qodef-grid-inner\">\n\t\t<div class=\"qodef-e qodef-image-wrapper qodef-grid-item \">\n\t\t\t<a class=\"qodef-popup-item\" itemprop=\"image\" href=\"https:\/\/ttw.ee\/wp-content\/uploads\/2025\/11\/38.jpg\" data-type=\"image\" title=\"\">\n\t\t<span class=\"qodef-hover-plus\"><\/span>\n\t\t\t<img decoding=\"async\" width=\"730\" height=\"1095\" src=\"https:\/\/ttw.ee\/wp-content\/uploads\/2025\/11\/38.jpg\" class=\"attachment-full size-full\" alt=\"\" srcset=\"https:\/\/ttw.ee\/wp-content\/uploads\/2025\/11\/38.jpg 730w, https:\/\/ttw.ee\/wp-content\/uploads\/2025\/11\/38-200x300.jpg 200w, https:\/\/ttw.ee\/wp-content\/uploads\/2025\/11\/38-683x1024.jpg 683w, https:\/\/ttw.ee\/wp-content\/uploads\/2025\/11\/38-600x900.jpg 600w\" sizes=\"(max-width: 730px) 100vw, 730px\" \/>\t\t\t<\/a>\n\t<\/div>\n<div class=\"qodef-e qodef-image-wrapper qodef-grid-item \">\n\t\t\t<a class=\"qodef-popup-item\" itemprop=\"image\" href=\"https:\/\/ttw.ee\/wp-content\/uploads\/2025\/11\/23.jpg\" data-type=\"image\" title=\"\">\n\t\t<span class=\"qodef-hover-plus\"><\/span>\n\t\t\t<img decoding=\"async\" width=\"730\" height=\"1095\" src=\"https:\/\/ttw.ee\/wp-content\/uploads\/2025\/11\/23.jpg\" class=\"attachment-full size-full\" alt=\"\" srcset=\"https:\/\/ttw.ee\/wp-content\/uploads\/2025\/11\/23.jpg 730w, https:\/\/ttw.ee\/wp-content\/uploads\/2025\/11\/23-200x300.jpg 200w, https:\/\/ttw.ee\/wp-content\/uploads\/2025\/11\/23-683x1024.jpg 683w, https:\/\/ttw.ee\/wp-content\/uploads\/2025\/11\/23-600x900.jpg 600w\" sizes=\"(max-width: 730px) 100vw, 730px\" \/>\t\t\t<\/a>\n\t<\/div>\n<div class=\"qodef-e qodef-image-wrapper qodef-grid-item \">\n\t\t\t<a class=\"qodef-popup-item\" itemprop=\"image\" href=\"https:\/\/ttw.ee\/wp-content\/uploads\/2025\/06\/9Y9A8795.jpg\" data-type=\"image\" title=\"\">\n\t\t<span class=\"qodef-hover-plus\"><\/span>\n\t\t\t<img loading=\"lazy\" decoding=\"async\" width=\"730\" height=\"1096\" src=\"https:\/\/ttw.ee\/wp-content\/uploads\/2025\/06\/9Y9A8795.jpg\" class=\"attachment-full size-full\" alt=\"\" srcset=\"https:\/\/ttw.ee\/wp-content\/uploads\/2025\/06\/9Y9A8795.jpg 730w, https:\/\/ttw.ee\/wp-content\/uploads\/2025\/06\/9Y9A8795-200x300.jpg 200w, https:\/\/ttw.ee\/wp-content\/uploads\/2025\/06\/9Y9A8795-682x1024.jpg 682w, https:\/\/ttw.ee\/wp-content\/uploads\/2025\/06\/9Y9A8795-600x901.jpg 600w\" sizes=\"(max-width: 730px) 100vw, 730px\" \/>\t\t\t<\/a>\n\t<\/div>\n<div class=\"qodef-e qodef-image-wrapper qodef-grid-item \">\n\t\t\t<a class=\"qodef-popup-item\" itemprop=\"image\" href=\"https:\/\/ttw.ee\/wp-content\/uploads\/2025\/06\/9Y9A8786.jpg\" data-type=\"image\" title=\"\">\n\t\t<span class=\"qodef-hover-plus\"><\/span>\n\t\t\t<img loading=\"lazy\" decoding=\"async\" width=\"730\" height=\"1096\" src=\"https:\/\/ttw.ee\/wp-content\/uploads\/2025\/06\/9Y9A8786.jpg\" class=\"attachment-full size-full\" alt=\"\" srcset=\"https:\/\/ttw.ee\/wp-content\/uploads\/2025\/06\/9Y9A8786.jpg 730w, https:\/\/ttw.ee\/wp-content\/uploads\/2025\/06\/9Y9A8786-200x300.jpg 200w, https:\/\/ttw.ee\/wp-content\/uploads\/2025\/06\/9Y9A8786-682x1024.jpg 682w, https:\/\/ttw.ee\/wp-content\/uploads\/2025\/06\/9Y9A8786-600x901.jpg 600w\" sizes=\"(max-width: 730px) 100vw, 730px\" \/>\t\t\t<\/a>\n\t<\/div>\n<div class=\"qodef-e qodef-image-wrapper qodef-grid-item \">\n\t\t\t<a class=\"qodef-popup-item\" itemprop=\"image\" href=\"https:\/\/ttw.ee\/wp-content\/uploads\/2025\/06\/IMG_5010.jpg\" data-type=\"image\" title=\"\">\n\t\t<span class=\"qodef-hover-plus\"><\/span>\n\t\t\t<img loading=\"lazy\" decoding=\"async\" width=\"730\" height=\"1096\" src=\"https:\/\/ttw.ee\/wp-content\/uploads\/2025\/06\/IMG_5010.jpg\" class=\"attachment-full size-full\" alt=\"\" srcset=\"https:\/\/ttw.ee\/wp-content\/uploads\/2025\/06\/IMG_5010.jpg 730w, https:\/\/ttw.ee\/wp-content\/uploads\/2025\/06\/IMG_5010-200x300.jpg 200w, https:\/\/ttw.ee\/wp-content\/uploads\/2025\/06\/IMG_5010-682x1024.jpg 682w, https:\/\/ttw.ee\/wp-content\/uploads\/2025\/06\/IMG_5010-600x901.jpg 600w\" sizes=\"(max-width: 730px) 100vw, 730px\" \/>\t\t\t<\/a>\n\t<\/div>\n\t<\/div>\n<\/div>\n\t\t\t\t<\/div>\n\t\t\t\t<\/div>\n\t\t\t\t\t<\/div>\n\t\t<\/div>\n\t\t\t\t\t<\/div>\n\t\t<\/section>\n\t\t\t\t<\/div>\n\t\t","protected":false},"excerpt":{"rendered":"<p>Avasta veinienergia ja broneeri laud Time To Wine Rotermanni veinibaar ja pood K\u00fclastage Time To Wine Rotermanni sobival ajal, broneerides laua eelnevalt. T\u00e4iendage allolevat vormi, ja meie meeskond v\u00f5tab teiega \u00fchendust, et kinnitada broneering. Me garanteerime hubase atmosf\u00e4\u00e4ri, suurep\u00e4rase teeninduse ja muidugi valiku h\u00f5rgutavaid veine. Broneerimine on lihtne. Ootame teid meie juurde! Ootame teid meie [&hellip;]<\/p>\n","protected":false},"author":1,"featured_media":0,"parent":0,"menu_order":0,"comment_status":"closed","ping_status":"closed","template":"page-full-width.php","meta":{"footnotes":""},"class_list":["post-10532","page","type-page","status-publish","hentry"],"_links":{"self":[{"href":"https:\/\/ttw.ee\/et\/wp-json\/wp\/v2\/pages\/10532","targetHints":{"allow":["GET"]}}],"collection":[{"href":"https:\/\/ttw.ee\/et\/wp-json\/wp\/v2\/pages"}],"about":[{"href":"https:\/\/ttw.ee\/et\/wp-json\/wp\/v2\/types\/page"}],"author":[{"embeddable":true,"href":"https:\/\/ttw.ee\/et\/wp-json\/wp\/v2\/users\/1"}],"replies":[{"embeddable":true,"href":"https:\/\/ttw.ee\/et\/wp-json\/wp\/v2\/comments?post=10532"}],"version-history":[{"count":3,"href":"https:\/\/ttw.ee\/et\/wp-json\/wp\/v2\/pages\/10532\/revisions"}],"predecessor-version":[{"id":10670,"href":"https:\/\/ttw.ee\/et\/wp-json\/wp\/v2\/pages\/10532\/revisions\/10670"}],"wp:attachment":[{"href":"https:\/\/ttw.ee\/et\/wp-json\/wp\/v2\/media?parent=10532"}],"curies":[{"name":"wp","href":"https:\/\/api.w.org\/{rel}","templated":true}]}}