{"id":10528,"date":"2023-01-10T17:12:04","date_gmt":"2023-01-10T17:12:04","guid":{"rendered":"https:\/\/ttw.ee\/wine-and-food-menu\/"},"modified":"2026-04-11T13:02:06","modified_gmt":"2026-04-11T13:02:06","slug":"menuu","status":"publish","type":"page","link":"https:\/\/ttw.ee\/et\/menuu\/","title":{"rendered":"MEN\u00dc\u00dc"},"content":{"rendered":"\t\t<div data-elementor-type=\"wp-page\" data-elementor-id=\"10528\" class=\"elementor elementor-10528 elementor-5584\" data-elementor-post-type=\"page\">\n\t\t\t\t\t\t<section class=\"elementor-section elementor-top-section elementor-element elementor-element-1060c14 elementor-section-full_width elementor-section-height-min-height elementor-hidden-desktop elementor-hidden-tablet elementor-hidden-mobile elementor-section-height-default elementor-section-items-middle\" data-id=\"1060c14\" data-element_type=\"section\" data-e-type=\"section\" data-settings=\"{&quot;background_background&quot;:&quot;video&quot;,&quot;background_video_link&quot;:&quot;https:\\\/\\\/chateau.qodeinteractive.com\\\/wp-content\\\/uploads\\\/2023\\\/01\\\/production-ID_4877877-1.mp4&quot;,&quot;background_play_on_mobile&quot;:&quot;yes&quot;}\">\n\t\t\t\t\t\t\t\t<div class=\"elementor-background-video-container\">\n\t\t\t\t\t\t\t\t\t\t\t\t\t<video class=\"elementor-background-video-hosted\" role=\"presentation\" autoplay muted playsinline loop><\/video>\n\t\t\t\t\t\t\t\t\t\t\t<\/div>\n\t\t\t\t\t\t\t\t<div class=\"elementor-container elementor-column-gap-default\">\n\t\t\t\t\t<div class=\"elementor-column elementor-col-100 elementor-top-column elementor-element elementor-element-ac60b91\" data-id=\"ac60b91\" data-element_type=\"column\" data-e-type=\"column\">\n\t\t\t<div class=\"elementor-widget-wrap\">\n\t\t\t\t\t\t\t<\/div>\n\t\t<\/div>\n\t\t\t\t\t<\/div>\n\t\t<\/section>\n\t\t\t\t<section class=\"elementor-section elementor-top-section elementor-element elementor-element-a182459 elementor-section-full_width qodef-elementor-content-grid elementor-section-height-default elementor-section-height-default\" data-id=\"a182459\" data-element_type=\"section\" data-e-type=\"section\">\n\t\t\t\t\t\t<div class=\"elementor-container elementor-column-gap-wider\">\n\t\t\t\t\t<div class=\"elementor-column elementor-col-50 elementor-top-column elementor-element elementor-element-6ced14e\" data-id=\"6ced14e\" data-element_type=\"column\" data-e-type=\"column\" data-settings=\"{&quot;background_background&quot;:&quot;classic&quot;}\">\n\t\t\t<div class=\"elementor-widget-wrap elementor-element-populated\">\n\t\t\t\t\t\t<div class=\"elementor-element elementor-element-4eb7d70 elementor-widget elementor-widget-chateau_core_section_title\" data-id=\"4eb7d70\" data-element_type=\"widget\" data-e-type=\"widget\" data-widget_type=\"chateau_core_section_title.default\">\n\t\t\t\t<div class=\"elementor-widget-container\">\n\t\t\t\t\t<div class=\"qodef-shortcode qodef-m qodef-section-title qodef-alignment--left\">\n\t\t<h2 class=\"qodef-m-title\" style=\"color: #243305\">\n\t\t\t\t\tveinikaart ja suupistemen\u00fc\u00fc\t\t\t<\/h2>\n\t<div class=\"qodef-m-subtitle-content qodef--has-appear\" style=\"margin-top: 14px\">\n\t<div class=\"qodef-m-subtitle-line-one\" style=\"width: 25px;background-color: #354C04\"><\/div>\n\t\t\t<p class=\"qodef-m-subtitle\" style=\"margin-left: 7px;color: #354C04\">Time To Wine Rotermanni Veinibaar ja Pood<\/p>\n\t\t<div class=\"qodef-m-subtitle-line-two\" style=\"display: none;\"><\/div>\n<\/div>\n\t<\/div>\n\t\t\t\t<\/div>\n\t\t\t\t<\/div>\n\t\t\t\t<div class=\"elementor-element elementor-element-ca1bc1a elementor-widget elementor-widget-text-editor\" data-id=\"ca1bc1a\" data-element_type=\"widget\" data-e-type=\"widget\" data-widget_type=\"text-editor.default\">\n\t\t\t\t<div class=\"elementor-widget-container\">\n\t\t\t\t\t\t\t\t\t<p><span style=\"font-weight: 400;\">Time To Wine Rotermanni veinikaart on iga Time To Wine meeskonnaliikme v\u00e4ike isiklik panus, meie maitse, reisi- ja avastuste peegel. Me valime veine, millesse ise usume, ja mida tahame jagada. <\/span><\/p><p><span style=\"font-weight: 400;\">Meie kogus on autorveine v\u00e4ikeveinimajadest, haruldasi leidusid ja klassikuid Vanast ja Uuest Maailmast.<\/span><\/p><p><span style=\"font-weight: 400;\">Veinimahutite abil pakume oma k\u00fclastajatele ainulaadset v\u00f5imalust proovida peaaegu igat veini meie kaardilt. See muudab k\u00fclastuse baaris erakordselt p\u00f5nevaks, v\u00f5imaldades degusteerida kuni 24 erinevat veini korraga.<\/span><\/p><p><span style=\"font-weight: 400;\">K\u00f5ik meie valikus olevad veinid on saadaval nii kaasa ostmiseks kui ka baaris nautimiseks.<\/span><\/p><p><span style=\"font-weight: 400;\">Sommeljeed on alati valmis aitama valikul ja r\u00e4\u00e4kima iga veini ajaloost.<\/span><\/p><p><span style=\"font-weight: 400;\">Vein on hetk. Time To Wine on koht, kus hetk saab eriliseks.<\/span><\/p><div id=\"gtx-trans\" style=\"position: absolute; left: 440px; top: 67px;\"><div class=\"gtx-trans-icon\"> <\/div><\/div>\t\t\t\t\t\t\t\t<\/div>\n\t\t\t\t<\/div>\n\t\t\t\t<div class=\"elementor-element elementor-element-2c78472 elementor-widget__width-initial elementor-widget elementor-widget-chateau_core_button\" data-id=\"2c78472\" data-element_type=\"widget\" data-e-type=\"widget\" data-widget_type=\"chateau_core_button.default\">\n\t\t\t\t<div class=\"elementor-widget-container\">\n\t\t\t\t\t<a class=\"qodef-shortcode qodef-m qodef-button qodef-layout--outlined qodef-html--link\" href=\"https:\/\/ttw.ee\/wp-content\/uploads\/2026\/02\/MENU-A5-3.pdf\" target=\"_blank\"  >\n\t<span class=\"qodef-m-text\">Toidumen\u00fc\u00fc<\/span>\n<\/a>\n\t\t\t\t<\/div>\n\t\t\t\t<\/div>\n\t\t\t\t<div class=\"elementor-element elementor-element-63c8b5f elementor-widget__width-initial elementor-widget-mobile__width-initial elementor-widget elementor-widget-chateau_core_button\" data-id=\"63c8b5f\" data-element_type=\"widget\" data-e-type=\"widget\" data-widget_type=\"chateau_core_button.default\">\n\t\t\t\t<div class=\"elementor-widget-container\">\n\t\t\t\t\t<a class=\"qodef-shortcode qodef-m qodef-button qodef-layout--outlined qodef-html--link\" href=\"https:\/\/ttw.ee\/wp-content\/uploads\/2026\/02\/time-to-wine-rotermanni-11.pdf\" target=\"_blank\"  >\n\t<span class=\"qodef-m-text\">Veinikaart<\/span>\n<\/a>\n\t\t\t\t<\/div>\n\t\t\t\t<\/div>\n\t\t\t\t<div class=\"elementor-element elementor-element-d70d5db elementor-widget elementor-widget-text-editor\" data-id=\"d70d5db\" data-element_type=\"widget\" data-e-type=\"widget\" data-widget_type=\"text-editor.default\">\n\t\t\t\t<div class=\"elementor-widget-container\">\n\t\t\t\t\t\t\t\t\t<p>Pole aega meid k\u00fclastada? Pole probleemi, n\u00fc\u00fcd saate tellida valitud premium-veine otse oma telefonist Wolti k\u00e4ttetoimetamise abil.<\/p>\t\t\t\t\t\t\t\t<\/div>\n\t\t\t\t<\/div>\n\t\t\t\t<div class=\"elementor-element elementor-element-d36f4eb elementor-widget elementor-widget-chateau_core_button\" data-id=\"d36f4eb\" data-element_type=\"widget\" data-e-type=\"widget\" data-widget_type=\"chateau_core_button.default\">\n\t\t\t\t<div class=\"elementor-widget-container\">\n\t\t\t\t\t<a class=\"qodef-shortcode qodef-m qodef-button qodef-layout--textual qodef-html--link\" href=\"https:\/\/wolt.com\/et\/est\/tallinn\/venue\/time-to-wine-rotermanni\" target=\"_blank\"  >\n\t<span class=\"qodef-m-text\">Telli Woltist veini koju<\/span>\n<\/a>\n\t\t\t\t<\/div>\n\t\t\t\t<\/div>\n\t\t\t\t\t<\/div>\n\t\t<\/div>\n\t\t\t\t<div class=\"elementor-column elementor-col-50 elementor-top-column elementor-element elementor-element-47658fd\" data-id=\"47658fd\" data-element_type=\"column\" data-e-type=\"column\">\n\t\t\t<div class=\"elementor-widget-wrap elementor-element-populated\">\n\t\t\t\t\t\t<div class=\"elementor-element elementor-element-590f309 elementor-widget elementor-widget-image\" data-id=\"590f309\" data-element_type=\"widget\" data-e-type=\"widget\" data-widget_type=\"image.default\">\n\t\t\t\t<div class=\"elementor-widget-container\">\n\t\t\t\t\t\t\t\t\t\t\t\t\t\t\t\t<a href=\"https:\/\/ttw.ee\/wp-content\/uploads\/2025\/11\/MENU-A5-2.pdf\" target=\"_blank\">\n\t\t\t\t\t\t\t<img fetchpriority=\"high\" decoding=\"async\" width=\"686\" height=\"1096\" src=\"https:\/\/ttw.ee\/wp-content\/uploads\/2025\/11\/29.jpg\" class=\"attachment-full size-full wp-image-10644\" alt=\"\" srcset=\"https:\/\/ttw.ee\/wp-content\/uploads\/2025\/11\/29.jpg 686w, https:\/\/ttw.ee\/wp-content\/uploads\/2025\/11\/29-188x300.jpg 188w, https:\/\/ttw.ee\/wp-content\/uploads\/2025\/11\/29-641x1024.jpg 641w, https:\/\/ttw.ee\/wp-content\/uploads\/2025\/11\/29-600x959.jpg 600w\" sizes=\"(max-width: 686px) 100vw, 686px\" \/>\t\t\t\t\t\t\t\t<\/a>\n\t\t\t\t\t\t\t\t\t\t\t\t\t\t\t<\/div>\n\t\t\t\t<\/div>\n\t\t\t\t\t<\/div>\n\t\t<\/div>\n\t\t\t\t\t<\/div>\n\t\t<\/section>\n\t\t\t\t<section class=\"elementor-section elementor-top-section elementor-element elementor-element-0f28283 elementor-section-full_width elementor-section-height-default elementor-section-height-default\" data-id=\"0f28283\" data-element_type=\"section\" data-e-type=\"section\">\n\t\t\t\t\t\t<div class=\"elementor-container elementor-column-gap-default\">\n\t\t\t\t\t<div class=\"elementor-column elementor-col-100 elementor-top-column elementor-element elementor-element-96a172b\" data-id=\"96a172b\" data-element_type=\"column\" data-e-type=\"column\">\n\t\t\t<div class=\"elementor-widget-wrap elementor-element-populated\">\n\t\t\t\t\t\t<div class=\"elementor-element elementor-element-d167a9a elementor-widget elementor-widget-chateau_core_image_gallery\" data-id=\"d167a9a\" data-element_type=\"widget\" data-e-type=\"widget\" data-widget_type=\"chateau_core_image_gallery.default\">\n\t\t\t\t<div class=\"elementor-widget-container\">\n\t\t\t\t\t<div class=\"qodef-shortcode qodef-m qodef-image-gallery qodef-magnific-popup qodef-popup-gallery qodef-grid qodef-layout--columns qodef-gutter--tiny qodef-vertical-gutter--tiny qodef-col-num--4 qodef-responsive--custom qodef-col-num--1440--5 qodef-col-num--1366--5 qodef-col-num--1024--5 qodef-col-num--768--2 qodef-col-num--680--1 qodef-col-num--480--1 qodef-swiper--show-pagination\" >\n\t<div class=\"qodef-grid-inner\">\n\t\t<div class=\"qodef-e qodef-image-wrapper qodef-grid-item \">\n\t\t\t<a class=\"qodef-popup-item\" itemprop=\"image\" href=\"https:\/\/ttw.ee\/wp-content\/uploads\/2025\/11\/40.jpg\" data-type=\"image\" title=\"\">\n\t\t<span class=\"qodef-hover-plus\"><\/span>\n\t\t\t<img decoding=\"async\" width=\"730\" height=\"1095\" src=\"https:\/\/ttw.ee\/wp-content\/uploads\/2025\/11\/40.jpg\" class=\"attachment-full size-full\" alt=\"\" srcset=\"https:\/\/ttw.ee\/wp-content\/uploads\/2025\/11\/40.jpg 730w, https:\/\/ttw.ee\/wp-content\/uploads\/2025\/11\/40-200x300.jpg 200w, https:\/\/ttw.ee\/wp-content\/uploads\/2025\/11\/40-683x1024.jpg 683w, https:\/\/ttw.ee\/wp-content\/uploads\/2025\/11\/40-600x900.jpg 600w\" sizes=\"(max-width: 730px) 100vw, 730px\" \/>\t\t\t<\/a>\n\t<\/div>\n<div class=\"qodef-e qodef-image-wrapper qodef-grid-item \">\n\t\t\t<a class=\"qodef-popup-item\" itemprop=\"image\" href=\"https:\/\/ttw.ee\/wp-content\/uploads\/2025\/11\/24.jpg\" data-type=\"image\" title=\"\">\n\t\t<span class=\"qodef-hover-plus\"><\/span>\n\t\t\t<img decoding=\"async\" width=\"730\" height=\"1095\" src=\"https:\/\/ttw.ee\/wp-content\/uploads\/2025\/11\/24.jpg\" class=\"attachment-full size-full\" alt=\"\" srcset=\"https:\/\/ttw.ee\/wp-content\/uploads\/2025\/11\/24.jpg 730w, https:\/\/ttw.ee\/wp-content\/uploads\/2025\/11\/24-200x300.jpg 200w, https:\/\/ttw.ee\/wp-content\/uploads\/2025\/11\/24-683x1024.jpg 683w, https:\/\/ttw.ee\/wp-content\/uploads\/2025\/11\/24-600x900.jpg 600w\" sizes=\"(max-width: 730px) 100vw, 730px\" \/>\t\t\t<\/a>\n\t<\/div>\n<div class=\"qodef-e qodef-image-wrapper qodef-grid-item \">\n\t\t\t<a class=\"qodef-popup-item\" itemprop=\"image\" href=\"https:\/\/ttw.ee\/wp-content\/uploads\/2025\/11\/18.jpg\" data-type=\"image\" title=\"\">\n\t\t<span class=\"qodef-hover-plus\"><\/span>\n\t\t\t<img loading=\"lazy\" decoding=\"async\" width=\"707\" height=\"1096\" src=\"https:\/\/ttw.ee\/wp-content\/uploads\/2025\/11\/18.jpg\" class=\"attachment-full size-full\" alt=\"\" srcset=\"https:\/\/ttw.ee\/wp-content\/uploads\/2025\/11\/18.jpg 707w, https:\/\/ttw.ee\/wp-content\/uploads\/2025\/11\/18-194x300.jpg 194w, https:\/\/ttw.ee\/wp-content\/uploads\/2025\/11\/18-661x1024.jpg 661w, https:\/\/ttw.ee\/wp-content\/uploads\/2025\/11\/18-600x930.jpg 600w\" sizes=\"(max-width: 707px) 100vw, 707px\" \/>\t\t\t<\/a>\n\t<\/div>\n<div class=\"qodef-e qodef-image-wrapper qodef-grid-item \">\n\t\t\t<a class=\"qodef-popup-item\" itemprop=\"image\" href=\"https:\/\/ttw.ee\/wp-content\/uploads\/2025\/11\/6.jpg\" data-type=\"image\" title=\"\">\n\t\t<span class=\"qodef-hover-plus\"><\/span>\n\t\t\t<img loading=\"lazy\" decoding=\"async\" width=\"731\" height=\"1096\" src=\"https:\/\/ttw.ee\/wp-content\/uploads\/2025\/11\/6.jpg\" class=\"attachment-full size-full\" alt=\"\" srcset=\"https:\/\/ttw.ee\/wp-content\/uploads\/2025\/11\/6.jpg 731w, https:\/\/ttw.ee\/wp-content\/uploads\/2025\/11\/6-200x300.jpg 200w, https:\/\/ttw.ee\/wp-content\/uploads\/2025\/11\/6-683x1024.jpg 683w, https:\/\/ttw.ee\/wp-content\/uploads\/2025\/11\/6-600x900.jpg 600w\" sizes=\"(max-width: 731px) 100vw, 731px\" \/>\t\t\t<\/a>\n\t<\/div>\n<div class=\"qodef-e qodef-image-wrapper qodef-grid-item \">\n\t\t\t<a class=\"qodef-popup-item\" itemprop=\"image\" href=\"https:\/\/ttw.ee\/wp-content\/uploads\/2025\/06\/9Y9A6336.jpg\" data-type=\"image\" title=\"\">\n\t\t<span class=\"qodef-hover-plus\"><\/span>\n\t\t\t<img loading=\"lazy\" decoding=\"async\" width=\"730\" height=\"1096\" src=\"https:\/\/ttw.ee\/wp-content\/uploads\/2025\/06\/9Y9A6336.jpg\" class=\"attachment-full size-full\" alt=\"\" srcset=\"https:\/\/ttw.ee\/wp-content\/uploads\/2025\/06\/9Y9A6336.jpg 730w, https:\/\/ttw.ee\/wp-content\/uploads\/2025\/06\/9Y9A6336-200x300.jpg 200w, https:\/\/ttw.ee\/wp-content\/uploads\/2025\/06\/9Y9A6336-682x1024.jpg 682w, https:\/\/ttw.ee\/wp-content\/uploads\/2025\/06\/9Y9A6336-600x901.jpg 600w\" sizes=\"(max-width: 730px) 100vw, 730px\" \/>\t\t\t<\/a>\n\t<\/div>\n<div class=\"qodef-e qodef-image-wrapper qodef-grid-item \">\n\t\t\t<a class=\"qodef-popup-item\" itemprop=\"image\" href=\"https:\/\/ttw.ee\/wp-content\/uploads\/2025\/06\/9Y9A6322.jpg\" data-type=\"image\" title=\"\">\n\t\t<span class=\"qodef-hover-plus\"><\/span>\n\t\t\t<img loading=\"lazy\" decoding=\"async\" width=\"730\" height=\"1096\" src=\"https:\/\/ttw.ee\/wp-content\/uploads\/2025\/06\/9Y9A6322.jpg\" class=\"attachment-full size-full\" alt=\"\" srcset=\"https:\/\/ttw.ee\/wp-content\/uploads\/2025\/06\/9Y9A6322.jpg 730w, https:\/\/ttw.ee\/wp-content\/uploads\/2025\/06\/9Y9A6322-200x300.jpg 200w, https:\/\/ttw.ee\/wp-content\/uploads\/2025\/06\/9Y9A6322-682x1024.jpg 682w, https:\/\/ttw.ee\/wp-content\/uploads\/2025\/06\/9Y9A6322-600x901.jpg 600w\" sizes=\"(max-width: 730px) 100vw, 730px\" \/>\t\t\t<\/a>\n\t<\/div>\n<div class=\"qodef-e qodef-image-wrapper qodef-grid-item \">\n\t\t\t<a class=\"qodef-popup-item\" itemprop=\"image\" href=\"https:\/\/ttw.ee\/wp-content\/uploads\/2025\/06\/9Y9A4595.jpg\" data-type=\"image\" title=\"\">\n\t\t<span class=\"qodef-hover-plus\"><\/span>\n\t\t\t<img loading=\"lazy\" decoding=\"async\" width=\"730\" height=\"1096\" src=\"https:\/\/ttw.ee\/wp-content\/uploads\/2025\/06\/9Y9A4595.jpg\" class=\"attachment-full size-full\" alt=\"\" srcset=\"https:\/\/ttw.ee\/wp-content\/uploads\/2025\/06\/9Y9A4595.jpg 730w, https:\/\/ttw.ee\/wp-content\/uploads\/2025\/06\/9Y9A4595-200x300.jpg 200w, https:\/\/ttw.ee\/wp-content\/uploads\/2025\/06\/9Y9A4595-682x1024.jpg 682w, https:\/\/ttw.ee\/wp-content\/uploads\/2025\/06\/9Y9A4595-600x901.jpg 600w\" sizes=\"(max-width: 730px) 100vw, 730px\" \/>\t\t\t<\/a>\n\t<\/div>\n<div class=\"qodef-e qodef-image-wrapper qodef-grid-item \">\n\t\t\t<a class=\"qodef-popup-item\" itemprop=\"image\" href=\"https:\/\/ttw.ee\/wp-content\/uploads\/2025\/06\/9Y9A4211.jpg\" data-type=\"image\" title=\"\">\n\t\t<span class=\"qodef-hover-plus\"><\/span>\n\t\t\t<img loading=\"lazy\" decoding=\"async\" width=\"730\" height=\"1096\" src=\"https:\/\/ttw.ee\/wp-content\/uploads\/2025\/06\/9Y9A4211.jpg\" class=\"attachment-full size-full\" alt=\"\" srcset=\"https:\/\/ttw.ee\/wp-content\/uploads\/2025\/06\/9Y9A4211.jpg 730w, https:\/\/ttw.ee\/wp-content\/uploads\/2025\/06\/9Y9A4211-200x300.jpg 200w, https:\/\/ttw.ee\/wp-content\/uploads\/2025\/06\/9Y9A4211-682x1024.jpg 682w, https:\/\/ttw.ee\/wp-content\/uploads\/2025\/06\/9Y9A4211-600x901.jpg 600w\" sizes=\"(max-width: 730px) 100vw, 730px\" \/>\t\t\t<\/a>\n\t<\/div>\n\t<\/div>\n<\/div>\n\t\t\t\t<\/div>\n\t\t\t\t<\/div>\n\t\t\t\t\t<\/div>\n\t\t<\/div>\n\t\t\t\t\t<\/div>\n\t\t<\/section>\n\t\t\t\t<\/div>\n\t\t","protected":false},"excerpt":{"rendered":"<p>veinikaart ja suupistemen\u00fc\u00fc Time To Wine Rotermanni Veinibaar ja Pood Time To Wine Rotermanni veinikaart on iga Time To Wine meeskonnaliikme v\u00e4ike isiklik panus, meie maitse, reisi- ja avastuste peegel. Me valime veine, millesse ise usume, ja mida tahame jagada. Meie kogus on autorveine v\u00e4ikeveinimajadest, haruldasi leidusid ja klassikuid Vanast ja Uuest Maailmast. Veinimahutite abil [&hellip;]<\/p>\n","protected":false},"author":1,"featured_media":10517,"parent":0,"menu_order":0,"comment_status":"closed","ping_status":"closed","template":"page-full-width.php","meta":{"footnotes":""},"class_list":["post-10528","page","type-page","status-publish","has-post-thumbnail","hentry"],"_links":{"self":[{"href":"https:\/\/ttw.ee\/et\/wp-json\/wp\/v2\/pages\/10528","targetHints":{"allow":["GET"]}}],"collection":[{"href":"https:\/\/ttw.ee\/et\/wp-json\/wp\/v2\/pages"}],"about":[{"href":"https:\/\/ttw.ee\/et\/wp-json\/wp\/v2\/types\/page"}],"author":[{"embeddable":true,"href":"https:\/\/ttw.ee\/et\/wp-json\/wp\/v2\/users\/1"}],"replies":[{"embeddable":true,"href":"https:\/\/ttw.ee\/et\/wp-json\/wp\/v2\/comments?post=10528"}],"version-history":[{"count":3,"href":"https:\/\/ttw.ee\/et\/wp-json\/wp\/v2\/pages\/10528\/revisions"}],"predecessor-version":[{"id":10671,"href":"https:\/\/ttw.ee\/et\/wp-json\/wp\/v2\/pages\/10528\/revisions\/10671"}],"wp:featuredmedia":[{"embeddable":true,"href":"https:\/\/ttw.ee\/et\/wp-json\/wp\/v2\/media\/10517"}],"wp:attachment":[{"href":"https:\/\/ttw.ee\/et\/wp-json\/wp\/v2\/media?parent=10528"}],"curies":[{"name":"wp","href":"https:\/\/api.w.org\/{rel}","templated":true}]}}