{"id":10520,"date":"2023-01-11T16:36:13","date_gmt":"2023-01-11T16:36:13","guid":{"rendered":"https:\/\/ttw.ee\/contact-us\/"},"modified":"2026-04-11T12:48:35","modified_gmt":"2026-04-11T12:48:35","slug":"kontakt","status":"publish","type":"page","link":"https:\/\/ttw.ee\/et\/kontakt\/","title":{"rendered":"Kontakt"},"content":{"rendered":"\t\t<div data-elementor-type=\"wp-page\" data-elementor-id=\"10520\" class=\"elementor elementor-10520 elementor-6104\" data-elementor-post-type=\"page\">\n\t\t\t\t\t\t<section class=\"elementor-section elementor-top-section elementor-element elementor-element-de771c1 elementor-section-full_width elementor-section-height-min-height elementor-section-height-default elementor-section-items-middle\" data-id=\"de771c1\" data-element_type=\"section\" data-e-type=\"section\" data-settings=\"{&quot;background_background&quot;:&quot;classic&quot;}\">\n\t\t\t\t\t\t<div class=\"elementor-container elementor-column-gap-default\">\n\t\t\t\t\t<div class=\"elementor-column elementor-col-100 elementor-top-column elementor-element elementor-element-4960781\" data-id=\"4960781\" data-element_type=\"column\" data-e-type=\"column\">\n\t\t\t<div class=\"elementor-widget-wrap\">\n\t\t\t\t\t\t\t<\/div>\n\t\t<\/div>\n\t\t\t\t\t<\/div>\n\t\t<\/section>\n\t\t\t\t<section class=\"elementor-section elementor-top-section elementor-element elementor-element-3a49618 elementor-section-full_width qodef-elementor-content-grid elementor-section-height-default elementor-section-height-default\" data-id=\"3a49618\" data-element_type=\"section\" data-e-type=\"section\">\n\t\t\t\t\t\t<div class=\"elementor-container elementor-column-gap-default\">\n\t\t\t\t\t<div class=\"elementor-column elementor-col-33 elementor-top-column elementor-element elementor-element-64e0d33\" data-id=\"64e0d33\" data-element_type=\"column\" data-e-type=\"column\">\n\t\t\t<div class=\"elementor-widget-wrap elementor-element-populated\">\n\t\t\t\t\t\t<div class=\"elementor-element elementor-element-c199853 elementor-widget-tablet__width-initial elementor-widget-mobile__width-inherit elementor-widget elementor-widget-chateau_core_section_title\" data-id=\"c199853\" data-element_type=\"widget\" data-e-type=\"widget\" data-widget_type=\"chateau_core_section_title.default\">\n\t\t\t\t<div class=\"elementor-widget-container\">\n\t\t\t\t\t<div class=\"qodef-shortcode qodef-m qodef-section-title qodef-alignment--left\">\n\t\t<h2 class=\"qodef-m-title\" style=\"color: #243305\">\n\t\t\t\t\tLeia meid h\u00f5lpsalt Google Mapsist\t\t\t<\/h2>\n\t<div class=\"qodef-m-subtitle-content qodef--has-appear\" style=\"margin-top: 14px\">\n\t<div class=\"qodef-m-subtitle-line-one\" style=\"width: 25px;background-color: #354C04\"><\/div>\n\t\t\t<p class=\"qodef-m-subtitle\" style=\"margin-left: 7px;color: #354C04\">Time To Wine Rotermanni veinibaar ja pood<\/p>\n\t\t<div class=\"qodef-m-subtitle-line-two\" style=\"display: none;\"><\/div>\n<\/div>\n\t\t<p class=\"qodef-m-text\" >Kl\u00f5psa kaardil ja Google juhatab sind edasi<\/p>\n<\/div>\n\t\t\t\t<\/div>\n\t\t\t\t<\/div>\n\t\t\t\t\t<\/div>\n\t\t<\/div>\n\t\t\t\t<div class=\"elementor-column elementor-col-33 elementor-top-column elementor-element elementor-element-2bd5f15\" data-id=\"2bd5f15\" data-element_type=\"column\" data-e-type=\"column\">\n\t\t\t<div class=\"elementor-widget-wrap elementor-element-populated\">\n\t\t\t\t\t\t<div class=\"elementor-element elementor-element-fbce02e elementor-widget elementor-widget-image\" data-id=\"fbce02e\" data-element_type=\"widget\" data-e-type=\"widget\" data-widget_type=\"image.default\">\n\t\t\t\t<div class=\"elementor-widget-container\">\n\t\t\t\t\t\t\t\t\t\t\t\t\t\t\t\t<a href=\"https:\/\/share.google\/btDrRyLRT3GntDAeG\">\n\t\t\t\t\t\t\t<img fetchpriority=\"high\" decoding=\"async\" width=\"710\" height=\"505\" src=\"https:\/\/ttw.ee\/wp-content\/uploads\/2025\/09\/Screenshot-2025-09-16-121325.png\" class=\"attachment-large size-large wp-image-10521\" alt=\"\" srcset=\"https:\/\/ttw.ee\/wp-content\/uploads\/2025\/09\/Screenshot-2025-09-16-121325.png 710w, https:\/\/ttw.ee\/wp-content\/uploads\/2025\/09\/Screenshot-2025-09-16-121325-300x213.png 300w, https:\/\/ttw.ee\/wp-content\/uploads\/2025\/09\/Screenshot-2025-09-16-121325-600x427.png 600w\" sizes=\"(max-width: 710px) 100vw, 710px\" \/>\t\t\t\t\t\t\t\t<\/a>\n\t\t\t\t\t\t\t\t\t\t\t\t\t\t\t<\/div>\n\t\t\t\t<\/div>\n\t\t\t\t\t<\/div>\n\t\t<\/div>\n\t\t\t\t<div class=\"elementor-column elementor-col-33 elementor-top-column elementor-element elementor-element-091003c\" data-id=\"091003c\" data-element_type=\"column\" data-e-type=\"column\">\n\t\t\t<div class=\"elementor-widget-wrap elementor-element-populated\">\n\t\t\t\t\t\t<div class=\"elementor-element elementor-element-a17ecd9 elementor-widget elementor-widget-chateau_core_section_title\" data-id=\"a17ecd9\" data-element_type=\"widget\" data-e-type=\"widget\" data-widget_type=\"chateau_core_section_title.default\">\n\t\t\t\t<div class=\"elementor-widget-container\">\n\t\t\t\t\t<div class=\"qodef-shortcode qodef-m qodef-section-title qodef-alignment--left\">\n\t\t<h5 class=\"qodef-m-title\" >\n\t\t\t\t\tTime To Wine Rotermanni veinibaar ja pood\t\t\t<\/h5>\n\t<div class=\"qodef-m-subtitle-content qodef--has-appear\" >\n\t<div class=\"qodef-m-subtitle-line-one\" style=\"display: none;\"><\/div>\n\t\t<div class=\"qodef-m-subtitle-line-two\" style=\"display: none;\"><\/div>\n<\/div>\n\t<\/div>\n\t\t\t\t<\/div>\n\t\t\t\t<\/div>\n\t\t\t\t<div class=\"elementor-element elementor-element-a7a5bc1 elementor-widget__width-initial elementor-widget elementor-widget-chateau_core_icon_list_item\" data-id=\"a7a5bc1\" data-element_type=\"widget\" data-e-type=\"widget\" data-widget_type=\"chateau_core_icon_list_item.default\">\n\t\t\t\t<div class=\"elementor-widget-container\">\n\t\t\t\t\t<div class=\"qodef-icon-list-item qodef-icon--icon-pack\" >\n\t<p class=\"qodef-e-title\" >\n\t\t\t\t\t<a itemprop=\"url\" href=\"https:\/\/maps.app.goo.gl\/4ohtHAp1o7fCBbsS7\" target=\"_blank\">\n\t\t\t\t\t<span class=\"qodef-e-title-inner\">\n\t\t\t\t<span class=\"qodef-shortcode qodef-m qodef-icon-holder qodef-layout--normal\" data-hover-color=\"#243305\" style=\"margin: 0 14px 0 0\">\t\t\t<span class=\"qodef-icon-font-awesome fa fa-location-dot qodef-icon qodef-e\" style=\"font-size: 13px\" ><\/span>\t<\/span>\t\t\t\t<span class=\"qodef-e-title-text\">Rotermanni tn 2, 10111 Tallinn<\/span>\n\t\t\t<\/span>\n\t\t\t\t\t<\/a>\n\t\t\t<\/p>\n<\/div>\n\t\t\t\t<\/div>\n\t\t\t\t<\/div>\n\t\t\t\t<div class=\"elementor-element elementor-element-bb702f7 elementor-widget elementor-widget-chateau_core_icon_list_item\" data-id=\"bb702f7\" data-element_type=\"widget\" data-e-type=\"widget\" data-widget_type=\"chateau_core_icon_list_item.default\">\n\t\t\t\t<div class=\"elementor-widget-container\">\n\t\t\t\t\t<div class=\"qodef-icon-list-item qodef-icon--icon-pack\" >\n\t<p class=\"qodef-e-title\" >\n\t\t\t\t\t<a itemprop=\"url\" href=\"tel:+37254592292\" target=\"_blank\">\n\t\t\t\t\t<span class=\"qodef-e-title-inner\">\n\t\t\t\t<span class=\"qodef-shortcode qodef-m qodef-icon-holder qodef-layout--normal\" data-hover-color=\"#243305\" style=\"margin: 0 14px 0 0\">\t\t\t<span class=\"qodef-icon-font-awesome fa fa-phone qodef-icon qodef-e\" style=\"font-size: 13px\" ><\/span>\t<\/span>\t\t\t\t<span class=\"qodef-e-title-text\">+372 5459 2292<\/span>\n\t\t\t<\/span>\n\t\t\t\t\t<\/a>\n\t\t\t<\/p>\n<\/div>\n\t\t\t\t<\/div>\n\t\t\t\t<\/div>\n\t\t\t\t<div class=\"elementor-element elementor-element-9417eb1 elementor-widget elementor-widget-chateau_core_icon_with_text\" data-id=\"9417eb1\" data-element_type=\"widget\" data-e-type=\"widget\" data-widget_type=\"chateau_core_icon_with_text.default\">\n\t\t\t\t<div class=\"elementor-widget-container\">\n\t\t\t\t\t<div class=\"qodef-shortcode qodef-m qodef-icon-with-text qodef-layout--before-content qodef--icon-pack\">\n\t<div class=\"qodef-m-icon-wrapper\" >\n\t\t<span class=\"qodef-shortcode qodef-m qodef-icon-holder qodef-size--default qodef-layout--normal\"  >\t\t\t<span class=\"qodef-icon-elegant-icons icon_clock_alt qodef-icon qodef-e\" style=\"font-size: 13px\" ><\/span>\t<\/span>\t<\/div>\n\t<div class=\"qodef-m-content\">\n\t\t\t\t\t\t\t<p class=\"qodef-m-text\" style=\"margin-top: -7px;color: #333333\">Lahtiolekuajad:<\/p>\n\t<\/div>\n<\/div>\n\t\t\t\t<\/div>\n\t\t\t\t<\/div>\n\t\t\t\t<div class=\"elementor-element elementor-element-266b3a1 elementor-widget elementor-widget-text-editor\" data-id=\"266b3a1\" data-element_type=\"widget\" data-e-type=\"widget\" data-widget_type=\"text-editor.default\">\n\t\t\t\t<div class=\"elementor-widget-container\">\n\t\t\t\t\t\t\t\t\t<p>Esmasp\u00e4ev &#8211; Suletud<br>Teisip\u00e4ev &#8211; Neljap\u00e4ev 14:00 &#8211; 23:00<br>Reede 14:00 &#8211; 02:00<br>Laup\u00e4ev 12:00 &#8211; 02:00<br>P\u00fchap\u00e4ev 15:00 &#8211; 21:00<\/p>\t\t\t\t\t\t\t\t<\/div>\n\t\t\t\t<\/div>\n\t\t\t\t\t<\/div>\n\t\t<\/div>\n\t\t\t\t\t<\/div>\n\t\t<\/section>\n\t\t\t\t<section class=\"elementor-section elementor-top-section elementor-element elementor-element-03dcb77 elementor-section-full_width elementor-section-height-default elementor-section-height-default\" data-id=\"03dcb77\" data-element_type=\"section\" data-e-type=\"section\">\n\t\t\t\t\t\t<div class=\"elementor-container elementor-column-gap-default\">\n\t\t\t\t\t<div class=\"elementor-column elementor-col-100 elementor-top-column elementor-element elementor-element-8e4c5b7\" data-id=\"8e4c5b7\" data-element_type=\"column\" data-e-type=\"column\">\n\t\t\t<div class=\"elementor-widget-wrap elementor-element-populated\">\n\t\t\t\t\t\t<div class=\"elementor-element elementor-element-92f8cba elementor-widget elementor-widget-chateau_core_google_map\" data-id=\"92f8cba\" data-element_type=\"widget\" data-e-type=\"widget\" data-widget_type=\"chateau_core_google_map.default\">\n\t\t\t\t<div class=\"elementor-widget-container\">\n\t\t\t\t\t<div class=\"qodef-shortcode qodef-m qodef-google-map\">\n\t<div class=\"qodef-m-map\" id=\"qodef-map-id--338\" data-addresses='[\"Tallinn, Eesti\"]' data-pin=https:\/\/ttw.ee\/wp-content\/uploads\/2023\/02\/pin.png data-unique-id=338 data-height=400><\/div>\n<\/div>\n\t\t\t\t<\/div>\n\t\t\t\t<\/div>\n\t\t\t\t\t<\/div>\n\t\t<\/div>\n\t\t\t\t\t<\/div>\n\t\t<\/section>\n\t\t\t\t<section class=\"elementor-section elementor-top-section elementor-element elementor-element-759e738 elementor-section-full_width qodef-elementor-content-grid elementor-section-height-default elementor-section-height-default\" data-id=\"759e738\" data-element_type=\"section\" data-e-type=\"section\">\n\t\t\t\t\t\t<div class=\"elementor-container elementor-column-gap-default\">\n\t\t\t\t\t<div class=\"elementor-column elementor-col-50 elementor-top-column elementor-element elementor-element-3264d4c\" data-id=\"3264d4c\" data-element_type=\"column\" data-e-type=\"column\">\n\t\t\t<div class=\"elementor-widget-wrap elementor-element-populated\">\n\t\t\t\t\t\t<div class=\"elementor-element elementor-element-c860451 elementor-widget-mobile__width-inherit elementor-widget__width-initial elementor-widget elementor-widget-chateau_core_section_title\" data-id=\"c860451\" data-element_type=\"widget\" data-e-type=\"widget\" data-widget_type=\"chateau_core_section_title.default\">\n\t\t\t\t<div class=\"elementor-widget-container\">\n\t\t\t\t\t<div class=\"qodef-shortcode qodef-m qodef-section-title qodef-alignment--left\">\n\t\t<h2 class=\"qodef-m-title\" style=\"color: #243305\">\n\t\t\t\t\tKui teil on k\u00fcsimusi V\u00d5I broneerimissoove\t\t\t<\/h2>\n\t<div class=\"qodef-m-subtitle-content qodef--has-appear\" style=\"margin-top: 14px\">\n\t<div class=\"qodef-m-subtitle-line-one\" style=\"width: 25px;background-color: #354C04\"><\/div>\n\t\t\t<p class=\"qodef-m-subtitle\" style=\"margin-left: 7px;color: #354C04\">Time To Wine Rotermanni veinibaar ja pood <\/p>\n\t\t<div class=\"qodef-m-subtitle-line-two\" style=\"display: none;\"><\/div>\n<\/div>\n\t<\/div>\n\t\t\t\t<\/div>\n\t\t\t\t<\/div>\n\t\t\t\t\t<\/div>\n\t\t<\/div>\n\t\t\t\t<div class=\"elementor-column elementor-col-50 elementor-top-column elementor-element elementor-element-76e72d2\" data-id=\"76e72d2\" data-element_type=\"column\" data-e-type=\"column\">\n\t\t\t<div class=\"elementor-widget-wrap elementor-element-populated\">\n\t\t\t\t\t\t<div class=\"elementor-element elementor-element-d8dbb64 elementor-widget__width-initial elementor-widget elementor-widget-wp-widget-chateau_core_contact_form_7\" data-id=\"d8dbb64\" data-element_type=\"widget\" data-e-type=\"widget\" data-widget_type=\"wp-widget-chateau_core_contact_form_7.default\">\n\t\t\t\t<div class=\"elementor-widget-container\">\n\t\t\t\t\t<h5>Kontaktvorm<\/h5>\t\t\t<div class=\"qodef-contact-form-7\">\n\t\t\t\t\n<div class=\"wpcf7 no-js\" id=\"wpcf7-f10578-o1\" lang=\"et\" dir=\"ltr\" data-wpcf7-id=\"10578\">\n<div class=\"screen-reader-response\"><p role=\"status\" aria-live=\"polite\" aria-atomic=\"true\"><\/p> <ul><\/ul><\/div>\n<form action=\"\/et\/wp-json\/wp\/v2\/pages\/10520#wpcf7-f10578-o1\" method=\"post\" class=\"wpcf7-form init\" aria-label=\"Kontaktvorm\" novalidate=\"novalidate\" data-status=\"init\">\n<fieldset class=\"hidden-fields-container\"><input type=\"hidden\" name=\"_wpcf7\" value=\"10578\" \/><input type=\"hidden\" name=\"_wpcf7_version\" value=\"6.1.5\" \/><input type=\"hidden\" name=\"_wpcf7_locale\" value=\"et\" \/><input type=\"hidden\" name=\"_wpcf7_unit_tag\" value=\"wpcf7-f10578-o1\" \/><input type=\"hidden\" name=\"_wpcf7_container_post\" value=\"0\" \/><input type=\"hidden\" name=\"_wpcf7_posted_data_hash\" value=\"\" \/>\n<\/fieldset>\n<label> Teie nimi\n    <span class=\"wpcf7-form-control-wrap\" data-name=\"your-name\"><input size=\"40\" maxlength=\"400\" class=\"wpcf7-form-control wpcf7-text wpcf7-validates-as-required\" autocomplete=\"name\" aria-required=\"true\" aria-invalid=\"false\" value=\"\" type=\"text\" name=\"your-name\" \/><\/span> <\/label>\n\n<label> Teie e-post\n    <span class=\"wpcf7-form-control-wrap\" data-name=\"your-email\"><input size=\"40\" maxlength=\"400\" class=\"wpcf7-form-control wpcf7-email wpcf7-validates-as-required wpcf7-text wpcf7-validates-as-email\" autocomplete=\"email\" aria-required=\"true\" aria-invalid=\"false\" value=\"\" type=\"email\" name=\"your-email\" \/><\/span> <\/label>\n\n<label> Teema\n    <span class=\"wpcf7-form-control-wrap\" data-name=\"your-subject\"><input size=\"40\" maxlength=\"400\" class=\"wpcf7-form-control wpcf7-text wpcf7-validates-as-required\" aria-required=\"true\" aria-invalid=\"false\" value=\"\" type=\"text\" name=\"your-subject\" \/><\/span> <\/label>\n\n<label> S\u00f5num\n    <span class=\"wpcf7-form-control-wrap\" data-name=\"your-message\"><textarea cols=\"40\" rows=\"10\" maxlength=\"2000\" class=\"wpcf7-form-control wpcf7-textarea\" aria-invalid=\"false\" name=\"your-message\"><\/textarea><\/span> <\/label>\n\n<button type=\"submit\" class=\"qodef-shortcode qodef-m wpcf7-form-control wpcf7-submit qodef-button qodef-layout--discontinuous qodef-size--normal\"  >\t<span class=\"qodef-btn-text\">Saada<\/span>\t<span class=\"qodef-disc-btn qodef-disc-btn-top-left\"><\/span>\t<span class=\"qodef-disc-btn qodef-disc-btn-top-right\"><\/span>\t<span class=\"qodef-disc-btn qodef-disc-btn-right\"><\/span>\t<span class=\"qodef-disc-btn qodef-disc-btn-bottom-right\"><\/span>\t<span class=\"qodef-disc-btn qodef-disc-btn-bottom-left\"><\/span>\t<span class=\"qodef-disc-btn qodef-blob-btn-left\"><\/span><\/button><div class=\"wpcf7-response-output\" aria-hidden=\"true\"><\/div>\n<\/form>\n<\/div>\n\t\t\t<\/div>\n\t\t\t\t\t\t\t<\/div>\n\t\t\t\t<\/div>\n\t\t\t\t\t<\/div>\n\t\t<\/div>\n\t\t\t\t\t<\/div>\n\t\t<\/section>\n\t\t\t\t<section class=\"elementor-section elementor-top-section elementor-element elementor-element-4aeb923 elementor-section-full_width elementor-section-height-min-height elementor-section-height-default elementor-section-items-middle\" data-id=\"4aeb923\" data-element_type=\"section\" data-e-type=\"section\" data-settings=\"{&quot;background_background&quot;:&quot;classic&quot;}\">\n\t\t\t\t\t\t<div class=\"elementor-container elementor-column-gap-default\">\n\t\t\t\t\t<div class=\"elementor-column elementor-col-100 elementor-top-column elementor-element elementor-element-fd11441\" data-id=\"fd11441\" data-element_type=\"column\" data-e-type=\"column\">\n\t\t\t<div class=\"elementor-widget-wrap\">\n\t\t\t\t\t\t\t<\/div>\n\t\t<\/div>\n\t\t\t\t\t<\/div>\n\t\t<\/section>\n\t\t\t\t<\/div>\n\t\t","protected":false},"excerpt":{"rendered":"<p>Leia meid h\u00f5lpsalt Google Mapsist Time To Wine Rotermanni veinibaar ja pood Kl\u00f5psa kaardil ja Google juhatab sind edasi Time To Wine Rotermanni veinibaar ja pood Rotermanni tn 2, 10111 Tallinn +372 5459 2292 Lahtiolekuajad: Esmasp\u00e4ev &#8211; Suletud Teisip\u00e4ev &#8211; Neljap\u00e4ev 14:00 &#8211; 23:00 Reede 14:00 &#8211; 02:00 Laup\u00e4ev 12:00 &#8211; 02:00 P\u00fchap\u00e4ev 15:00 &#8211; [&hellip;]<\/p>\n","protected":false},"author":1,"featured_media":0,"parent":0,"menu_order":0,"comment_status":"closed","ping_status":"closed","template":"page-full-width.php","meta":{"footnotes":""},"class_list":["post-10520","page","type-page","status-publish","hentry"],"_links":{"self":[{"href":"https:\/\/ttw.ee\/et\/wp-json\/wp\/v2\/pages\/10520","targetHints":{"allow":["GET"]}}],"collection":[{"href":"https:\/\/ttw.ee\/et\/wp-json\/wp\/v2\/pages"}],"about":[{"href":"https:\/\/ttw.ee\/et\/wp-json\/wp\/v2\/types\/page"}],"author":[{"embeddable":true,"href":"https:\/\/ttw.ee\/et\/wp-json\/wp\/v2\/users\/1"}],"replies":[{"embeddable":true,"href":"https:\/\/ttw.ee\/et\/wp-json\/wp\/v2\/comments?post=10520"}],"version-history":[{"count":6,"href":"https:\/\/ttw.ee\/et\/wp-json\/wp\/v2\/pages\/10520\/revisions"}],"predecessor-version":[{"id":10667,"href":"https:\/\/ttw.ee\/et\/wp-json\/wp\/v2\/pages\/10520\/revisions\/10667"}],"wp:attachment":[{"href":"https:\/\/ttw.ee\/et\/wp-json\/wp\/v2\/media?parent=10520"}],"curies":[{"name":"wp","href":"https:\/\/api.w.org\/{rel}","templated":true}]}}